{"id":9440,"date":"2021-04-07T12:24:38","date_gmt":"2021-04-07T10:24:38","guid":{"rendered":"http:\/\/galli.ch\/?post_type=uhren&#038;p=9440"},"modified":"2026-03-30T10:10:17","modified_gmt":"2026-03-30T08:10:17","slug":"b09-chronograph-40-ab0930d31l1p1","status":"publish","type":"product","link":"https:\/\/galli.ch\/en\/uhren\/breitling\/premier\/b09-chronograph-40-ab0930d31l1p1\/","title":{"rendered":"Breitling Premier B09 Chronograph 40"},"content":{"rendered":"<p>Die Premier Chronograph, eine Hommage an drei Generationen von Erfindern um L\u00e9on, Gaston und Willy Breitling, verk\u00f6rpert Breitlings Erbe als Sch\u00f6pfer des modernen Chronographen. Die Premier Heritage Chronograph ist in zwei Varianten erh\u00e4ltlich: aus Edelstahl mit pistaziengr\u00fcnem Zifferblatt und goldbraunem Alligatorlederarmband oder aus 18-kar\u00e4tigem Rotgold mit silberfarbenem Zifferblatt und braunem Alligatorlederarmband.<\/p>\n<p>Die Premier Chronograph wird mittels COSC-zertifiziertem Breitling-Manufakturkaliber B09 angetrieben, einem mechanischen Chronographenwerk mit Handaufzug.<\/p>\n","protected":false},"excerpt":{"rendered":"<p>Die Premier Chronograph, eine Hommage an drei Generationen von Erfindern um L\u00e9on, Gaston und Willy Breitling, verk\u00f6rpert Breitlings Erbe als Sch\u00f6pfer des modernen Chronographen. Die Premier Heritage Chronograph ist in zwei Varianten erh\u00e4ltlich: aus Edelstahl mit pistaziengr\u00fcnem Zifferblatt und goldbraunem Alligatorlederarmband oder aus 18-kar\u00e4tigem Rotgold mit silberfarbenem Zifferblatt und braunem Alligatorlederarmband. Die Premier Chronograph wird&#8230;  <a class=\"excerpt-read-more\" href=\"https:\/\/galli.ch\/en\/uhren\/breitling\/premier\/b09-chronograph-40-ab0930d31l1p1\/\" title=\"Read Breitling Premier B09 Chronograph 40\">Weiter &raquo;<\/a><\/p>\n","protected":false},"featured_media":9430,"template":"","meta":{"_acf_changed":false,"inline_featured_image":false},"product_brand":[],"product_cat":[188],"product_tag":[],"class_list":{"0":"post-9440","1":"product","2":"type-product","3":"status-publish","4":"has-post-thumbnail","6":"uhrenhersteller-breitling","7":"uhrenhersteller-premier","8":"product_cat-uhren","10":"first","11":"outofstock","12":"taxable","13":"shipping-taxable","14":"purchasable","15":"product-type-simple"},"acf":[],"yoast_head":"<!-- This site is optimized with the Yoast SEO plugin v25.5 - https:\/\/yoast.com\/wordpress\/plugins\/seo\/ -->\n<title>Breitling Premier B09 Chronograph 40 - Galli Uhren Bijouterie<\/title>\n<meta name=\"robots\" content=\"index, follow, max-snippet:-1, max-image-preview:large, max-video-preview:-1\" \/>\n<link rel=\"canonical\" href=\"https:\/\/galli.ch\/uhren\/breitling\/premier\/b09-chronograph-40-ab0930d31l1p1\/\" \/>\n<meta property=\"og:locale\" content=\"en_US\" \/>\n<meta property=\"og:type\" content=\"article\" \/>\n<meta property=\"og:title\" content=\"Breitling Premier B09 Chronograph 40 - Galli Uhren Bijouterie\" \/>\n<meta property=\"og:description\" content=\"Die Premier Chronograph, eine Hommage an drei Generationen von Erfindern um L\u00e9on, Gaston und Willy Breitling, verk\u00f6rpert Breitlings Erbe als Sch\u00f6pfer des modernen Chronographen. Die Premier Heritage Chronograph ist in zwei Varianten erh\u00e4ltlich: aus Edelstahl mit pistaziengr\u00fcnem Zifferblatt und goldbraunem Alligatorlederarmband oder aus 18-kar\u00e4tigem Rotgold mit silberfarbenem Zifferblatt und braunem Alligatorlederarmband. Die Premier Chronograph wird... Weiter &raquo;\" \/>\n<meta property=\"og:url\" content=\"https:\/\/galli.ch\/uhren\/breitling\/premier\/b09-chronograph-40-ab0930d31l1p1\/\" \/>\n<meta property=\"og:site_name\" content=\"Galli Uhren Bijouterie\" \/>\n<meta property=\"article:modified_time\" content=\"2026-03-30T08:10:17+00:00\" \/>\n<meta property=\"og:image\" content=\"https:\/\/galli.ch\/wp-content\/uploads\/6_1_AB0930D31L1P1.png\" \/>\n\t<meta property=\"og:image:width\" content=\"1000\" \/>\n\t<meta property=\"og:image:height\" content=\"1400\" \/>\n\t<meta property=\"og:image:type\" content=\"image\/png\" \/>\n<meta name=\"twitter:card\" content=\"summary_large_image\" \/>\n<script type=\"application\/ld+json\" class=\"yoast-schema-graph\">{\"@context\":\"https:\/\/schema.org\",\"@graph\":[{\"@type\":\"WebPage\",\"@id\":\"https:\/\/galli.ch\/uhren\/breitling\/premier\/b09-chronograph-40-ab0930d31l1p1\/\",\"url\":\"https:\/\/galli.ch\/uhren\/breitling\/premier\/b09-chronograph-40-ab0930d31l1p1\/\",\"name\":\"Breitling Premier B09 Chronograph 40 - Galli Uhren Bijouterie\",\"isPartOf\":{\"@id\":\"http:\/\/galli.ch\/en\/#website\"},\"primaryImageOfPage\":{\"@id\":\"https:\/\/galli.ch\/uhren\/breitling\/premier\/b09-chronograph-40-ab0930d31l1p1\/#primaryimage\"},\"image\":{\"@id\":\"https:\/\/galli.ch\/uhren\/breitling\/premier\/b09-chronograph-40-ab0930d31l1p1\/#primaryimage\"},\"thumbnailUrl\":\"https:\/\/galli.ch\/wp-content\/uploads\/6_1_AB0930D31L1P1.png\",\"datePublished\":\"2021-04-07T10:24:38+00:00\",\"dateModified\":\"2026-03-30T08:10:17+00:00\",\"breadcrumb\":{\"@id\":\"https:\/\/galli.ch\/uhren\/breitling\/premier\/b09-chronograph-40-ab0930d31l1p1\/#breadcrumb\"},\"inLanguage\":\"en-US\",\"potentialAction\":[{\"@type\":\"ReadAction\",\"target\":[\"https:\/\/galli.ch\/uhren\/breitling\/premier\/b09-chronograph-40-ab0930d31l1p1\/\"]}]},{\"@type\":\"ImageObject\",\"inLanguage\":\"en-US\",\"@id\":\"https:\/\/galli.ch\/uhren\/breitling\/premier\/b09-chronograph-40-ab0930d31l1p1\/#primaryimage\",\"url\":\"https:\/\/galli.ch\/wp-content\/uploads\/6_1_AB0930D31L1P1.png\",\"contentUrl\":\"https:\/\/galli.ch\/wp-content\/uploads\/6_1_AB0930D31L1P1.png\",\"width\":1000,\"height\":1400,\"caption\":\"breitling-premier-b09-chronograph-40-steel\"},{\"@type\":\"BreadcrumbList\",\"@id\":\"https:\/\/galli.ch\/uhren\/breitling\/premier\/b09-chronograph-40-ab0930d31l1p1\/#breadcrumb\",\"itemListElement\":[{\"@type\":\"ListItem\",\"position\":1,\"name\":\"Home\",\"item\":\"https:\/\/galli.ch\/en\/\"},{\"@type\":\"ListItem\",\"position\":2,\"name\":\"Uhren\",\"item\":\"https:\/\/galli.ch\/en\/uhren\/\"},{\"@type\":\"ListItem\",\"position\":3,\"name\":\"Breitling Premier B09 Chronograph 40\"}]},{\"@type\":\"WebSite\",\"@id\":\"http:\/\/galli.ch\/en\/#website\",\"url\":\"http:\/\/galli.ch\/en\/\",\"name\":\"Galli Uhren Bijouterie\",\"description\":\"\",\"potentialAction\":[{\"@type\":\"SearchAction\",\"target\":{\"@type\":\"EntryPoint\",\"urlTemplate\":\"http:\/\/galli.ch\/en\/?s={search_term_string}\"},\"query-input\":{\"@type\":\"PropertyValueSpecification\",\"valueRequired\":true,\"valueName\":\"search_term_string\"}}],\"inLanguage\":\"en-US\"}]}<\/script>\n<!-- \/ Yoast SEO plugin. -->","yoast_head_json":{"title":"Breitling Premier B09 Chronograph 40 - Galli Uhren Bijouterie","robots":{"index":"index","follow":"follow","max-snippet":"max-snippet:-1","max-image-preview":"max-image-preview:large","max-video-preview":"max-video-preview:-1"},"canonical":"https:\/\/galli.ch\/uhren\/breitling\/premier\/b09-chronograph-40-ab0930d31l1p1\/","og_locale":"en_US","og_type":"article","og_title":"Breitling Premier B09 Chronograph 40 - Galli Uhren Bijouterie","og_description":"Die Premier Chronograph, eine Hommage an drei Generationen von Erfindern um L\u00e9on, Gaston und Willy Breitling, verk\u00f6rpert Breitlings Erbe als Sch\u00f6pfer des modernen Chronographen. Die Premier Heritage Chronograph ist in zwei Varianten erh\u00e4ltlich: aus Edelstahl mit pistaziengr\u00fcnem Zifferblatt und goldbraunem Alligatorlederarmband oder aus 18-kar\u00e4tigem Rotgold mit silberfarbenem Zifferblatt und braunem Alligatorlederarmband. Die Premier Chronograph wird... Weiter &raquo;","og_url":"https:\/\/galli.ch\/uhren\/breitling\/premier\/b09-chronograph-40-ab0930d31l1p1\/","og_site_name":"Galli Uhren Bijouterie","article_modified_time":"2026-03-30T08:10:17+00:00","og_image":[{"width":1000,"height":1400,"url":"https:\/\/galli.ch\/wp-content\/uploads\/6_1_AB0930D31L1P1.png","type":"image\/png"}],"twitter_card":"summary_large_image","schema":{"@context":"https:\/\/schema.org","@graph":[{"@type":"WebPage","@id":"https:\/\/galli.ch\/uhren\/breitling\/premier\/b09-chronograph-40-ab0930d31l1p1\/","url":"https:\/\/galli.ch\/uhren\/breitling\/premier\/b09-chronograph-40-ab0930d31l1p1\/","name":"Breitling Premier B09 Chronograph 40 - Galli Uhren Bijouterie","isPartOf":{"@id":"http:\/\/galli.ch\/en\/#website"},"primaryImageOfPage":{"@id":"https:\/\/galli.ch\/uhren\/breitling\/premier\/b09-chronograph-40-ab0930d31l1p1\/#primaryimage"},"image":{"@id":"https:\/\/galli.ch\/uhren\/breitling\/premier\/b09-chronograph-40-ab0930d31l1p1\/#primaryimage"},"thumbnailUrl":"https:\/\/galli.ch\/wp-content\/uploads\/6_1_AB0930D31L1P1.png","datePublished":"2021-04-07T10:24:38+00:00","dateModified":"2026-03-30T08:10:17+00:00","breadcrumb":{"@id":"https:\/\/galli.ch\/uhren\/breitling\/premier\/b09-chronograph-40-ab0930d31l1p1\/#breadcrumb"},"inLanguage":"en-US","potentialAction":[{"@type":"ReadAction","target":["https:\/\/galli.ch\/uhren\/breitling\/premier\/b09-chronograph-40-ab0930d31l1p1\/"]}]},{"@type":"ImageObject","inLanguage":"en-US","@id":"https:\/\/galli.ch\/uhren\/breitling\/premier\/b09-chronograph-40-ab0930d31l1p1\/#primaryimage","url":"https:\/\/galli.ch\/wp-content\/uploads\/6_1_AB0930D31L1P1.png","contentUrl":"https:\/\/galli.ch\/wp-content\/uploads\/6_1_AB0930D31L1P1.png","width":1000,"height":1400,"caption":"breitling-premier-b09-chronograph-40-steel"},{"@type":"BreadcrumbList","@id":"https:\/\/galli.ch\/uhren\/breitling\/premier\/b09-chronograph-40-ab0930d31l1p1\/#breadcrumb","itemListElement":[{"@type":"ListItem","position":1,"name":"Home","item":"https:\/\/galli.ch\/en\/"},{"@type":"ListItem","position":2,"name":"Uhren","item":"https:\/\/galli.ch\/en\/uhren\/"},{"@type":"ListItem","position":3,"name":"Breitling Premier B09 Chronograph 40"}]},{"@type":"WebSite","@id":"http:\/\/galli.ch\/en\/#website","url":"http:\/\/galli.ch\/en\/","name":"Galli Uhren Bijouterie","description":"","potentialAction":[{"@type":"SearchAction","target":{"@type":"EntryPoint","urlTemplate":"http:\/\/galli.ch\/en\/?s={search_term_string}"},"query-input":{"@type":"PropertyValueSpecification","valueRequired":true,"valueName":"search_term_string"}}],"inLanguage":"en-US"}]}},"_links":{"self":[{"href":"https:\/\/galli.ch\/en\/wp-json\/wp\/v2\/product\/9440","targetHints":{"allow":["GET"]}}],"collection":[{"href":"https:\/\/galli.ch\/en\/wp-json\/wp\/v2\/product"}],"about":[{"href":"https:\/\/galli.ch\/en\/wp-json\/wp\/v2\/types\/product"}],"wp:featuredmedia":[{"embeddable":true,"href":"https:\/\/galli.ch\/en\/wp-json\/wp\/v2\/media\/9430"}],"wp:attachment":[{"href":"https:\/\/galli.ch\/en\/wp-json\/wp\/v2\/media?parent=9440"}],"wp:term":[{"taxonomy":"product_brand","embeddable":true,"href":"https:\/\/galli.ch\/en\/wp-json\/wp\/v2\/product_brand?post=9440"},{"taxonomy":"product_cat","embeddable":true,"href":"https:\/\/galli.ch\/en\/wp-json\/wp\/v2\/product_cat?post=9440"},{"taxonomy":"product_tag","embeddable":true,"href":"https:\/\/galli.ch\/en\/wp-json\/wp\/v2\/product_tag?post=9440"}],"curies":[{"name":"wp","href":"https:\/\/api.w.org\/{rel}","templated":true}]}}