{"id":9488,"date":"2021-04-07T18:41:46","date_gmt":"2021-04-07T16:41:46","guid":{"rendered":"http:\/\/galli.ch\/?post_type=uhren&#038;p=9488"},"modified":"2026-03-30T10:15:19","modified_gmt":"2026-03-30T08:15:19","slug":"18k-m79018v-0001","status":"publish","type":"product","link":"https:\/\/galli.ch\/en\/uhren\/tudor\/black-bay-58\/18k-m79018v-0001\/","title":{"rendered":"Tudor Black Bay 58 18K"},"content":{"rendered":"<p>TUDOR pr\u00e4sentierte 2021 ein weiteres Exemplar in der Black Bay 58 Linie, deren Abmessungen (39mm) denen der ersten Taucheruhren der Marke entsprechen. Das Modell ist mit einem TUDOR Manufakturwerk ausgestattet und ist die allererste Taucheruhr von Tudor in massivem Gelbgold 750 und transparentem Geh\u00e4useboden.<\/p>\n<p>Zus\u00e4tzlich dazu gibt es ein gr\u00fcnes Textilband mit goldfarbenem Streifen und Stiftschliesse in 18 Karat Gelbgold.<\/p>\n","protected":false},"excerpt":{"rendered":"<p>TUDOR pr\u00e4sentierte 2021 ein weiteres Exemplar in der Black Bay 58 Linie, deren Abmessungen (39mm) denen der ersten Taucheruhren der Marke entsprechen. Das Modell ist mit einem TUDOR Manufakturwerk ausgestattet und ist die allererste Taucheruhr von Tudor in massivem Gelbgold 750 und transparentem Geh\u00e4useboden. Zus\u00e4tzlich dazu gibt es ein gr\u00fcnes Textilband mit goldfarbenem Streifen und&#8230;  <a class=\"excerpt-read-more\" href=\"https:\/\/galli.ch\/en\/uhren\/tudor\/black-bay-58\/18k-m79018v-0001\/\" title=\"Read Tudor Black Bay 58 18K\">Weiter &raquo;<\/a><\/p>\n","protected":false},"featured_media":9448,"template":"","meta":{"_acf_changed":false,"inline_featured_image":false},"product_brand":[],"product_cat":[188],"product_tag":[],"class_list":{"0":"post-9488","1":"product","2":"type-product","3":"status-publish","4":"has-post-thumbnail","6":"uhrenhersteller-tudor","7":"uhrenhersteller-black-bay-58","8":"product_cat-uhren","10":"first","11":"instock","12":"taxable","13":"shipping-taxable","14":"purchasable","15":"product-type-simple"},"acf":[],"yoast_head":"<!-- This site is optimized with the Yoast SEO plugin v25.5 - https:\/\/yoast.com\/wordpress\/plugins\/seo\/ -->\n<title>Tudor Black Bay 58 18K - Galli Uhren Bijouterie<\/title>\n<meta name=\"robots\" content=\"index, follow, max-snippet:-1, max-image-preview:large, max-video-preview:-1\" \/>\n<link rel=\"canonical\" href=\"https:\/\/galli.ch\/uhren\/tudor\/black-bay-58\/18k-m79018v-0001\/\" \/>\n<meta property=\"og:locale\" content=\"en_US\" \/>\n<meta property=\"og:type\" content=\"article\" \/>\n<meta property=\"og:title\" content=\"Tudor Black Bay 58 18K - Galli Uhren Bijouterie\" \/>\n<meta property=\"og:description\" content=\"TUDOR pr\u00e4sentierte 2021 ein weiteres Exemplar in der Black Bay 58 Linie, deren Abmessungen (39mm) denen der ersten Taucheruhren der Marke entsprechen. Das Modell ist mit einem TUDOR Manufakturwerk ausgestattet und ist die allererste Taucheruhr von Tudor in massivem Gelbgold 750 und transparentem Geh\u00e4useboden. Zus\u00e4tzlich dazu gibt es ein gr\u00fcnes Textilband mit goldfarbenem Streifen und... Weiter &raquo;\" \/>\n<meta property=\"og:url\" content=\"https:\/\/galli.ch\/uhren\/tudor\/black-bay-58\/18k-m79018v-0001\/\" \/>\n<meta property=\"og:site_name\" content=\"Galli Uhren Bijouterie\" \/>\n<meta property=\"article:modified_time\" content=\"2026-03-30T08:15:19+00:00\" \/>\n<meta property=\"og:image\" content=\"https:\/\/galli.ch\/wp-content\/uploads\/M79018V-0001.png\" \/>\n\t<meta property=\"og:image:width\" content=\"1000\" \/>\n\t<meta property=\"og:image:height\" content=\"1400\" \/>\n\t<meta property=\"og:image:type\" content=\"image\/png\" \/>\n<meta name=\"twitter:card\" content=\"summary_large_image\" \/>\n<script type=\"application\/ld+json\" class=\"yoast-schema-graph\">{\"@context\":\"https:\/\/schema.org\",\"@graph\":[{\"@type\":\"WebPage\",\"@id\":\"https:\/\/galli.ch\/uhren\/tudor\/black-bay-58\/18k-m79018v-0001\/\",\"url\":\"https:\/\/galli.ch\/uhren\/tudor\/black-bay-58\/18k-m79018v-0001\/\",\"name\":\"Tudor Black Bay 58 18K - Galli Uhren Bijouterie\",\"isPartOf\":{\"@id\":\"http:\/\/galli.ch\/en\/#website\"},\"primaryImageOfPage\":{\"@id\":\"https:\/\/galli.ch\/uhren\/tudor\/black-bay-58\/18k-m79018v-0001\/#primaryimage\"},\"image\":{\"@id\":\"https:\/\/galli.ch\/uhren\/tudor\/black-bay-58\/18k-m79018v-0001\/#primaryimage\"},\"thumbnailUrl\":\"https:\/\/galli.ch\/wp-content\/uploads\/M79018V-0001.png\",\"datePublished\":\"2021-04-07T16:41:46+00:00\",\"dateModified\":\"2026-03-30T08:15:19+00:00\",\"breadcrumb\":{\"@id\":\"https:\/\/galli.ch\/uhren\/tudor\/black-bay-58\/18k-m79018v-0001\/#breadcrumb\"},\"inLanguage\":\"en-US\",\"potentialAction\":[{\"@type\":\"ReadAction\",\"target\":[\"https:\/\/galli.ch\/uhren\/tudor\/black-bay-58\/18k-m79018v-0001\/\"]}]},{\"@type\":\"ImageObject\",\"inLanguage\":\"en-US\",\"@id\":\"https:\/\/galli.ch\/uhren\/tudor\/black-bay-58\/18k-m79018v-0001\/#primaryimage\",\"url\":\"https:\/\/galli.ch\/wp-content\/uploads\/M79018V-0001.png\",\"contentUrl\":\"https:\/\/galli.ch\/wp-content\/uploads\/M79018V-0001.png\",\"width\":1000,\"height\":1400,\"caption\":\"tudor-black-bay-fifty-eight-18k\"},{\"@type\":\"BreadcrumbList\",\"@id\":\"https:\/\/galli.ch\/uhren\/tudor\/black-bay-58\/18k-m79018v-0001\/#breadcrumb\",\"itemListElement\":[{\"@type\":\"ListItem\",\"position\":1,\"name\":\"Home\",\"item\":\"https:\/\/galli.ch\/en\/\"},{\"@type\":\"ListItem\",\"position\":2,\"name\":\"Uhren\",\"item\":\"https:\/\/galli.ch\/en\/uhren\/\"},{\"@type\":\"ListItem\",\"position\":3,\"name\":\"Tudor Black Bay 58 18K\"}]},{\"@type\":\"WebSite\",\"@id\":\"http:\/\/galli.ch\/en\/#website\",\"url\":\"http:\/\/galli.ch\/en\/\",\"name\":\"Galli Uhren Bijouterie\",\"description\":\"\",\"potentialAction\":[{\"@type\":\"SearchAction\",\"target\":{\"@type\":\"EntryPoint\",\"urlTemplate\":\"http:\/\/galli.ch\/en\/?s={search_term_string}\"},\"query-input\":{\"@type\":\"PropertyValueSpecification\",\"valueRequired\":true,\"valueName\":\"search_term_string\"}}],\"inLanguage\":\"en-US\"}]}<\/script>\n<!-- \/ Yoast SEO plugin. -->","yoast_head_json":{"title":"Tudor Black Bay 58 18K - Galli Uhren Bijouterie","robots":{"index":"index","follow":"follow","max-snippet":"max-snippet:-1","max-image-preview":"max-image-preview:large","max-video-preview":"max-video-preview:-1"},"canonical":"https:\/\/galli.ch\/uhren\/tudor\/black-bay-58\/18k-m79018v-0001\/","og_locale":"en_US","og_type":"article","og_title":"Tudor Black Bay 58 18K - Galli Uhren Bijouterie","og_description":"TUDOR pr\u00e4sentierte 2021 ein weiteres Exemplar in der Black Bay 58 Linie, deren Abmessungen (39mm) denen der ersten Taucheruhren der Marke entsprechen. Das Modell ist mit einem TUDOR Manufakturwerk ausgestattet und ist die allererste Taucheruhr von Tudor in massivem Gelbgold 750 und transparentem Geh\u00e4useboden. Zus\u00e4tzlich dazu gibt es ein gr\u00fcnes Textilband mit goldfarbenem Streifen und... Weiter &raquo;","og_url":"https:\/\/galli.ch\/uhren\/tudor\/black-bay-58\/18k-m79018v-0001\/","og_site_name":"Galli Uhren Bijouterie","article_modified_time":"2026-03-30T08:15:19+00:00","og_image":[{"width":1000,"height":1400,"url":"https:\/\/galli.ch\/wp-content\/uploads\/M79018V-0001.png","type":"image\/png"}],"twitter_card":"summary_large_image","schema":{"@context":"https:\/\/schema.org","@graph":[{"@type":"WebPage","@id":"https:\/\/galli.ch\/uhren\/tudor\/black-bay-58\/18k-m79018v-0001\/","url":"https:\/\/galli.ch\/uhren\/tudor\/black-bay-58\/18k-m79018v-0001\/","name":"Tudor Black Bay 58 18K - Galli Uhren Bijouterie","isPartOf":{"@id":"http:\/\/galli.ch\/en\/#website"},"primaryImageOfPage":{"@id":"https:\/\/galli.ch\/uhren\/tudor\/black-bay-58\/18k-m79018v-0001\/#primaryimage"},"image":{"@id":"https:\/\/galli.ch\/uhren\/tudor\/black-bay-58\/18k-m79018v-0001\/#primaryimage"},"thumbnailUrl":"https:\/\/galli.ch\/wp-content\/uploads\/M79018V-0001.png","datePublished":"2021-04-07T16:41:46+00:00","dateModified":"2026-03-30T08:15:19+00:00","breadcrumb":{"@id":"https:\/\/galli.ch\/uhren\/tudor\/black-bay-58\/18k-m79018v-0001\/#breadcrumb"},"inLanguage":"en-US","potentialAction":[{"@type":"ReadAction","target":["https:\/\/galli.ch\/uhren\/tudor\/black-bay-58\/18k-m79018v-0001\/"]}]},{"@type":"ImageObject","inLanguage":"en-US","@id":"https:\/\/galli.ch\/uhren\/tudor\/black-bay-58\/18k-m79018v-0001\/#primaryimage","url":"https:\/\/galli.ch\/wp-content\/uploads\/M79018V-0001.png","contentUrl":"https:\/\/galli.ch\/wp-content\/uploads\/M79018V-0001.png","width":1000,"height":1400,"caption":"tudor-black-bay-fifty-eight-18k"},{"@type":"BreadcrumbList","@id":"https:\/\/galli.ch\/uhren\/tudor\/black-bay-58\/18k-m79018v-0001\/#breadcrumb","itemListElement":[{"@type":"ListItem","position":1,"name":"Home","item":"https:\/\/galli.ch\/en\/"},{"@type":"ListItem","position":2,"name":"Uhren","item":"https:\/\/galli.ch\/en\/uhren\/"},{"@type":"ListItem","position":3,"name":"Tudor Black Bay 58 18K"}]},{"@type":"WebSite","@id":"http:\/\/galli.ch\/en\/#website","url":"http:\/\/galli.ch\/en\/","name":"Galli Uhren Bijouterie","description":"","potentialAction":[{"@type":"SearchAction","target":{"@type":"EntryPoint","urlTemplate":"http:\/\/galli.ch\/en\/?s={search_term_string}"},"query-input":{"@type":"PropertyValueSpecification","valueRequired":true,"valueName":"search_term_string"}}],"inLanguage":"en-US"}]}},"_links":{"self":[{"href":"https:\/\/galli.ch\/en\/wp-json\/wp\/v2\/product\/9488","targetHints":{"allow":["GET"]}}],"collection":[{"href":"https:\/\/galli.ch\/en\/wp-json\/wp\/v2\/product"}],"about":[{"href":"https:\/\/galli.ch\/en\/wp-json\/wp\/v2\/types\/product"}],"wp:featuredmedia":[{"embeddable":true,"href":"https:\/\/galli.ch\/en\/wp-json\/wp\/v2\/media\/9448"}],"wp:attachment":[{"href":"https:\/\/galli.ch\/en\/wp-json\/wp\/v2\/media?parent=9488"}],"wp:term":[{"taxonomy":"product_brand","embeddable":true,"href":"https:\/\/galli.ch\/en\/wp-json\/wp\/v2\/product_brand?post=9488"},{"taxonomy":"product_cat","embeddable":true,"href":"https:\/\/galli.ch\/en\/wp-json\/wp\/v2\/product_cat?post=9488"},{"taxonomy":"product_tag","embeddable":true,"href":"https:\/\/galli.ch\/en\/wp-json\/wp\/v2\/product_tag?post=9488"}],"curies":[{"name":"wp","href":"https:\/\/api.w.org\/{rel}","templated":true}]}}