{"id":9573,"date":"2021-04-11T11:32:29","date_gmt":"2021-04-11T09:32:29","guid":{"rendered":"http:\/\/galli.ch\/?post_type=uhren&#038;p=9573"},"modified":"2026-03-30T10:13:52","modified_gmt":"2026-03-30T08:13:52","slug":"big-pilots-watch-43-iw329304","status":"publish","type":"product","link":"https:\/\/galli.ch\/en\/uhren\/iwc\/pilots-watches\/big-pilots-watch-43-iw329304\/","title":{"rendered":"IWC Big Pilot&#8217;s watch 43"},"content":{"rendered":"<p>Kein anderes Modell verk\u00f6rpert die Faszination der Fliegeruhren von IWC Schaffhausen wie die Big Pilot\u2019s Watch. Das funktionale Design im Stil eines einfach ablesbaren Cockpit-Instruments und die \u00fcbergrosse Kegelkrone wurden von einer milit\u00e4rischen Beobachtungsuhr aus den 1940er-Jahren inspiriert. Die \u00fcbergrosse Krone ist ein weiteres Detail, das die moderne Big Pilot\u2019s Watch mit ihrem historischen Vorfahren teilt; sie erm\u00f6glichte es den Piloten, ihre Uhr auch mit den gepolsterten Handschuhen ihrer Anz\u00fcge zu bedienen.<\/p>\n<p>Angetrieben wird die Fliegeruhr vom IWC Manufakturkaliber 82100. Das Automatikwerk wurde mit dem Fokus auf h\u00f6chste Pr\u00e4zision und Zuverl\u00e4ssigkeit konstruiert. Es verf\u00fcgt \u00fcber den von Albert Pellaton entwickelten hocheffizienten Automatikaufzug, der die kleinsten Bewegungen des Rotors in beide Richtungen zum Aufziehen der Zugfeder nutzt.<\/p>\n","protected":false},"excerpt":{"rendered":"<p>Kein anderes Modell verk\u00f6rpert die Faszination der Fliegeruhren von IWC Schaffhausen wie die Big Pilot\u2019s Watch. Das funktionale Design im Stil eines einfach ablesbaren Cockpit-Instruments und die \u00fcbergrosse Kegelkrone wurden von einer milit\u00e4rischen Beobachtungsuhr aus den 1940er-Jahren inspiriert. Die \u00fcbergrosse Krone ist ein weiteres Detail, das die moderne Big Pilot\u2019s Watch mit ihrem historischen Vorfahren&#8230;  <a class=\"excerpt-read-more\" href=\"https:\/\/galli.ch\/en\/uhren\/iwc\/pilots-watches\/big-pilots-watch-43-iw329304\/\" title=\"Read IWC Big Pilot&#8217;s watch 43\">Weiter &raquo;<\/a><\/p>\n","protected":false},"featured_media":9495,"template":"","meta":{"_acf_changed":false,"inline_featured_image":false},"product_brand":[],"product_cat":[188],"product_tag":[],"class_list":{"0":"post-9573","1":"product","2":"type-product","3":"status-publish","4":"has-post-thumbnail","6":"uhrenhersteller-iwc","7":"uhrenhersteller-pilots-watches","8":"product_cat-uhren","10":"first","11":"outofstock","12":"taxable","13":"shipping-taxable","14":"purchasable","15":"product-type-simple"},"acf":[],"yoast_head":"<!-- This site is optimized with the Yoast SEO plugin v25.5 - https:\/\/yoast.com\/wordpress\/plugins\/seo\/ -->\n<title>IWC Big Pilot&#039;s watch 43 - Galli Uhren Bijouterie<\/title>\n<meta name=\"robots\" content=\"index, follow, max-snippet:-1, max-image-preview:large, max-video-preview:-1\" \/>\n<link rel=\"canonical\" href=\"https:\/\/galli.ch\/uhren\/iwc\/pilots-watches\/big-pilots-watch-43-iw329304\/\" \/>\n<meta property=\"og:locale\" content=\"en_US\" \/>\n<meta property=\"og:type\" content=\"article\" \/>\n<meta property=\"og:title\" content=\"IWC Big Pilot&#039;s watch 43 - Galli Uhren Bijouterie\" \/>\n<meta property=\"og:description\" content=\"Kein anderes Modell verk\u00f6rpert die Faszination der Fliegeruhren von IWC Schaffhausen wie die Big Pilot\u2019s Watch. Das funktionale Design im Stil eines einfach ablesbaren Cockpit-Instruments und die \u00fcbergrosse Kegelkrone wurden von einer milit\u00e4rischen Beobachtungsuhr aus den 1940er-Jahren inspiriert. Die \u00fcbergrosse Krone ist ein weiteres Detail, das die moderne Big Pilot\u2019s Watch mit ihrem historischen Vorfahren... Weiter &raquo;\" \/>\n<meta property=\"og:url\" content=\"https:\/\/galli.ch\/uhren\/iwc\/pilots-watches\/big-pilots-watch-43-iw329304\/\" \/>\n<meta property=\"og:site_name\" content=\"Galli Uhren Bijouterie\" \/>\n<meta property=\"article:modified_time\" content=\"2026-03-30T08:13:52+00:00\" \/>\n<meta property=\"og:image\" content=\"https:\/\/galli.ch\/wp-content\/uploads\/iw329304-1-white.png\" \/>\n\t<meta property=\"og:image:width\" content=\"1000\" \/>\n\t<meta property=\"og:image:height\" content=\"1400\" \/>\n\t<meta property=\"og:image:type\" content=\"image\/png\" \/>\n<meta name=\"twitter:card\" content=\"summary_large_image\" \/>\n<script type=\"application\/ld+json\" class=\"yoast-schema-graph\">{\"@context\":\"https:\/\/schema.org\",\"@graph\":[{\"@type\":\"WebPage\",\"@id\":\"https:\/\/galli.ch\/uhren\/iwc\/pilots-watches\/big-pilots-watch-43-iw329304\/\",\"url\":\"https:\/\/galli.ch\/uhren\/iwc\/pilots-watches\/big-pilots-watch-43-iw329304\/\",\"name\":\"IWC Big Pilot's watch 43 - Galli Uhren Bijouterie\",\"isPartOf\":{\"@id\":\"http:\/\/galli.ch\/en\/#website\"},\"primaryImageOfPage\":{\"@id\":\"https:\/\/galli.ch\/uhren\/iwc\/pilots-watches\/big-pilots-watch-43-iw329304\/#primaryimage\"},\"image\":{\"@id\":\"https:\/\/galli.ch\/uhren\/iwc\/pilots-watches\/big-pilots-watch-43-iw329304\/#primaryimage\"},\"thumbnailUrl\":\"https:\/\/galli.ch\/wp-content\/uploads\/iw329304-1-white.png\",\"datePublished\":\"2021-04-11T09:32:29+00:00\",\"dateModified\":\"2026-03-30T08:13:52+00:00\",\"breadcrumb\":{\"@id\":\"https:\/\/galli.ch\/uhren\/iwc\/pilots-watches\/big-pilots-watch-43-iw329304\/#breadcrumb\"},\"inLanguage\":\"en-US\",\"potentialAction\":[{\"@type\":\"ReadAction\",\"target\":[\"https:\/\/galli.ch\/uhren\/iwc\/pilots-watches\/big-pilots-watch-43-iw329304\/\"]}]},{\"@type\":\"ImageObject\",\"inLanguage\":\"en-US\",\"@id\":\"https:\/\/galli.ch\/uhren\/iwc\/pilots-watches\/big-pilots-watch-43-iw329304\/#primaryimage\",\"url\":\"https:\/\/galli.ch\/wp-content\/uploads\/iw329304-1-white.png\",\"contentUrl\":\"https:\/\/galli.ch\/wp-content\/uploads\/iw329304-1-white.png\",\"width\":1000,\"height\":1400,\"caption\":\"iwc-big-pilots-watch-43-blue-bracelet\"},{\"@type\":\"BreadcrumbList\",\"@id\":\"https:\/\/galli.ch\/uhren\/iwc\/pilots-watches\/big-pilots-watch-43-iw329304\/#breadcrumb\",\"itemListElement\":[{\"@type\":\"ListItem\",\"position\":1,\"name\":\"Home\",\"item\":\"https:\/\/galli.ch\/en\/\"},{\"@type\":\"ListItem\",\"position\":2,\"name\":\"Uhren\",\"item\":\"https:\/\/galli.ch\/en\/uhren\/\"},{\"@type\":\"ListItem\",\"position\":3,\"name\":\"IWC Big Pilot&#8217;s watch 43\"}]},{\"@type\":\"WebSite\",\"@id\":\"http:\/\/galli.ch\/en\/#website\",\"url\":\"http:\/\/galli.ch\/en\/\",\"name\":\"Galli Uhren Bijouterie\",\"description\":\"\",\"potentialAction\":[{\"@type\":\"SearchAction\",\"target\":{\"@type\":\"EntryPoint\",\"urlTemplate\":\"http:\/\/galli.ch\/en\/?s={search_term_string}\"},\"query-input\":{\"@type\":\"PropertyValueSpecification\",\"valueRequired\":true,\"valueName\":\"search_term_string\"}}],\"inLanguage\":\"en-US\"}]}<\/script>\n<!-- \/ Yoast SEO plugin. -->","yoast_head_json":{"title":"IWC Big Pilot's watch 43 - Galli Uhren Bijouterie","robots":{"index":"index","follow":"follow","max-snippet":"max-snippet:-1","max-image-preview":"max-image-preview:large","max-video-preview":"max-video-preview:-1"},"canonical":"https:\/\/galli.ch\/uhren\/iwc\/pilots-watches\/big-pilots-watch-43-iw329304\/","og_locale":"en_US","og_type":"article","og_title":"IWC Big Pilot's watch 43 - Galli Uhren Bijouterie","og_description":"Kein anderes Modell verk\u00f6rpert die Faszination der Fliegeruhren von IWC Schaffhausen wie die Big Pilot\u2019s Watch. Das funktionale Design im Stil eines einfach ablesbaren Cockpit-Instruments und die \u00fcbergrosse Kegelkrone wurden von einer milit\u00e4rischen Beobachtungsuhr aus den 1940er-Jahren inspiriert. Die \u00fcbergrosse Krone ist ein weiteres Detail, das die moderne Big Pilot\u2019s Watch mit ihrem historischen Vorfahren... Weiter &raquo;","og_url":"https:\/\/galli.ch\/uhren\/iwc\/pilots-watches\/big-pilots-watch-43-iw329304\/","og_site_name":"Galli Uhren Bijouterie","article_modified_time":"2026-03-30T08:13:52+00:00","og_image":[{"width":1000,"height":1400,"url":"https:\/\/galli.ch\/wp-content\/uploads\/iw329304-1-white.png","type":"image\/png"}],"twitter_card":"summary_large_image","schema":{"@context":"https:\/\/schema.org","@graph":[{"@type":"WebPage","@id":"https:\/\/galli.ch\/uhren\/iwc\/pilots-watches\/big-pilots-watch-43-iw329304\/","url":"https:\/\/galli.ch\/uhren\/iwc\/pilots-watches\/big-pilots-watch-43-iw329304\/","name":"IWC Big Pilot's watch 43 - Galli Uhren Bijouterie","isPartOf":{"@id":"http:\/\/galli.ch\/en\/#website"},"primaryImageOfPage":{"@id":"https:\/\/galli.ch\/uhren\/iwc\/pilots-watches\/big-pilots-watch-43-iw329304\/#primaryimage"},"image":{"@id":"https:\/\/galli.ch\/uhren\/iwc\/pilots-watches\/big-pilots-watch-43-iw329304\/#primaryimage"},"thumbnailUrl":"https:\/\/galli.ch\/wp-content\/uploads\/iw329304-1-white.png","datePublished":"2021-04-11T09:32:29+00:00","dateModified":"2026-03-30T08:13:52+00:00","breadcrumb":{"@id":"https:\/\/galli.ch\/uhren\/iwc\/pilots-watches\/big-pilots-watch-43-iw329304\/#breadcrumb"},"inLanguage":"en-US","potentialAction":[{"@type":"ReadAction","target":["https:\/\/galli.ch\/uhren\/iwc\/pilots-watches\/big-pilots-watch-43-iw329304\/"]}]},{"@type":"ImageObject","inLanguage":"en-US","@id":"https:\/\/galli.ch\/uhren\/iwc\/pilots-watches\/big-pilots-watch-43-iw329304\/#primaryimage","url":"https:\/\/galli.ch\/wp-content\/uploads\/iw329304-1-white.png","contentUrl":"https:\/\/galli.ch\/wp-content\/uploads\/iw329304-1-white.png","width":1000,"height":1400,"caption":"iwc-big-pilots-watch-43-blue-bracelet"},{"@type":"BreadcrumbList","@id":"https:\/\/galli.ch\/uhren\/iwc\/pilots-watches\/big-pilots-watch-43-iw329304\/#breadcrumb","itemListElement":[{"@type":"ListItem","position":1,"name":"Home","item":"https:\/\/galli.ch\/en\/"},{"@type":"ListItem","position":2,"name":"Uhren","item":"https:\/\/galli.ch\/en\/uhren\/"},{"@type":"ListItem","position":3,"name":"IWC Big Pilot&#8217;s watch 43"}]},{"@type":"WebSite","@id":"http:\/\/galli.ch\/en\/#website","url":"http:\/\/galli.ch\/en\/","name":"Galli Uhren Bijouterie","description":"","potentialAction":[{"@type":"SearchAction","target":{"@type":"EntryPoint","urlTemplate":"http:\/\/galli.ch\/en\/?s={search_term_string}"},"query-input":{"@type":"PropertyValueSpecification","valueRequired":true,"valueName":"search_term_string"}}],"inLanguage":"en-US"}]}},"_links":{"self":[{"href":"https:\/\/galli.ch\/en\/wp-json\/wp\/v2\/product\/9573","targetHints":{"allow":["GET"]}}],"collection":[{"href":"https:\/\/galli.ch\/en\/wp-json\/wp\/v2\/product"}],"about":[{"href":"https:\/\/galli.ch\/en\/wp-json\/wp\/v2\/types\/product"}],"wp:featuredmedia":[{"embeddable":true,"href":"https:\/\/galli.ch\/en\/wp-json\/wp\/v2\/media\/9495"}],"wp:attachment":[{"href":"https:\/\/galli.ch\/en\/wp-json\/wp\/v2\/media?parent=9573"}],"wp:term":[{"taxonomy":"product_brand","embeddable":true,"href":"https:\/\/galli.ch\/en\/wp-json\/wp\/v2\/product_brand?post=9573"},{"taxonomy":"product_cat","embeddable":true,"href":"https:\/\/galli.ch\/en\/wp-json\/wp\/v2\/product_cat?post=9573"},{"taxonomy":"product_tag","embeddable":true,"href":"https:\/\/galli.ch\/en\/wp-json\/wp\/v2\/product_tag?post=9573"}],"curies":[{"name":"wp","href":"https:\/\/api.w.org\/{rel}","templated":true}]}}