{"id":9578,"date":"2021-04-11T11:48:23","date_gmt":"2021-04-11T09:48:23","guid":{"rendered":"http:\/\/galli.ch\/?post_type=uhren&#038;p=9578"},"modified":"2026-03-30T10:14:22","modified_gmt":"2026-03-30T08:14:22","slug":"chronograph-41-iw388103","status":"publish","type":"product","link":"https:\/\/galli.ch\/en\/uhren\/iwc\/pilots-watches\/chronograph-41-iw388103\/","title":{"rendered":"IWC Pilot&#8217;s Watch Chronograph 41"},"content":{"rendered":"<p>Die im 2021 vorgestellte Fliegeruhr verf\u00fcgt \u00fcber ein Edelstahlgeh\u00e4use im kompakten Durchmesser von 41 Millimetern und ist entweder mit einem blauen oder gr\u00fcnen Zifferblatt erh\u00e4ltlich. Um die Kompetenz der Marke bei der Entwicklung eigener Uhrwerke zu unterstreichen, wird es vom IWC Manufakturkaliber 69385 angetrieben, das durch einen Saphirglasboden sichtbar ist. Mit dem neuen EasXCHANGE- System und einer Auswahl an Armb\u00e4ndern aus Kalbsleder, Kautschuk oder Edelstahl ist die neue Pilot\u2019s Watch Chronograph 41 die ultimative Sportuhr.<\/p>\n<p>In Kombination mit dem jetzt bis 10 bar wasserdichten Geh\u00e4use macht diese Vielseitigkeit sie zu perfekten Begleitern bei Abenteuern in der Luft, am Boden oder auf dem Wasser.<\/p>\n","protected":false},"excerpt":{"rendered":"<p>Die im 2021 vorgestellte Fliegeruhr verf\u00fcgt \u00fcber ein Edelstahlgeh\u00e4use im kompakten Durchmesser von 41 Millimetern und ist entweder mit einem blauen oder gr\u00fcnen Zifferblatt erh\u00e4ltlich. Um die Kompetenz der Marke bei der Entwicklung eigener Uhrwerke zu unterstreichen, wird es vom IWC Manufakturkaliber 69385 angetrieben, das durch einen Saphirglasboden sichtbar ist. Mit dem neuen EasXCHANGE- System&#8230;  <a class=\"excerpt-read-more\" href=\"https:\/\/galli.ch\/en\/uhren\/iwc\/pilots-watches\/chronograph-41-iw388103\/\" title=\"Read IWC Pilot&#8217;s Watch Chronograph 41\">Weiter &raquo;<\/a><\/p>\n","protected":false},"featured_media":9501,"template":"","meta":{"_acf_changed":false,"inline_featured_image":false},"product_brand":[],"product_cat":[188],"product_tag":[],"class_list":{"0":"post-9578","1":"product","2":"type-product","3":"status-publish","4":"has-post-thumbnail","6":"uhrenhersteller-iwc","7":"uhrenhersteller-pilots-watches","8":"product_cat-uhren","10":"first","11":"instock","12":"taxable","13":"shipping-taxable","14":"purchasable","15":"product-type-simple"},"acf":[],"yoast_head":"<!-- This site is optimized with the Yoast SEO plugin v25.5 - https:\/\/yoast.com\/wordpress\/plugins\/seo\/ -->\n<title>IWC Pilot&#039;s Watch Chronograph 41 - Galli Uhren Bijouterie<\/title>\n<meta name=\"robots\" content=\"index, follow, max-snippet:-1, max-image-preview:large, max-video-preview:-1\" \/>\n<link rel=\"canonical\" href=\"https:\/\/galli.ch\/uhren\/iwc\/pilots-watches\/chronograph-41-iw388103\/\" \/>\n<meta property=\"og:locale\" content=\"en_US\" \/>\n<meta property=\"og:type\" content=\"article\" \/>\n<meta property=\"og:title\" content=\"IWC Pilot&#039;s Watch Chronograph 41 - Galli Uhren Bijouterie\" \/>\n<meta property=\"og:description\" content=\"Die im 2021 vorgestellte Fliegeruhr verf\u00fcgt \u00fcber ein Edelstahlgeh\u00e4use im kompakten Durchmesser von 41 Millimetern und ist entweder mit einem blauen oder gr\u00fcnen Zifferblatt erh\u00e4ltlich. Um die Kompetenz der Marke bei der Entwicklung eigener Uhrwerke zu unterstreichen, wird es vom IWC Manufakturkaliber 69385 angetrieben, das durch einen Saphirglasboden sichtbar ist. Mit dem neuen EasXCHANGE- System... Weiter &raquo;\" \/>\n<meta property=\"og:url\" content=\"https:\/\/galli.ch\/uhren\/iwc\/pilots-watches\/chronograph-41-iw388103\/\" \/>\n<meta property=\"og:site_name\" content=\"Galli Uhren Bijouterie\" \/>\n<meta property=\"article:modified_time\" content=\"2026-03-30T08:14:22+00:00\" \/>\n<meta property=\"og:image\" content=\"https:\/\/galli.ch\/wp-content\/uploads\/iw388103-1-white.png\" \/>\n\t<meta property=\"og:image:width\" content=\"1000\" \/>\n\t<meta property=\"og:image:height\" content=\"1400\" \/>\n\t<meta property=\"og:image:type\" content=\"image\/png\" \/>\n<meta name=\"twitter:card\" content=\"summary_large_image\" \/>\n<script type=\"application\/ld+json\" class=\"yoast-schema-graph\">{\"@context\":\"https:\/\/schema.org\",\"@graph\":[{\"@type\":\"WebPage\",\"@id\":\"https:\/\/galli.ch\/uhren\/iwc\/pilots-watches\/chronograph-41-iw388103\/\",\"url\":\"https:\/\/galli.ch\/uhren\/iwc\/pilots-watches\/chronograph-41-iw388103\/\",\"name\":\"IWC Pilot's Watch Chronograph 41 - Galli Uhren Bijouterie\",\"isPartOf\":{\"@id\":\"http:\/\/galli.ch\/en\/#website\"},\"primaryImageOfPage\":{\"@id\":\"https:\/\/galli.ch\/uhren\/iwc\/pilots-watches\/chronograph-41-iw388103\/#primaryimage\"},\"image\":{\"@id\":\"https:\/\/galli.ch\/uhren\/iwc\/pilots-watches\/chronograph-41-iw388103\/#primaryimage\"},\"thumbnailUrl\":\"https:\/\/galli.ch\/wp-content\/uploads\/iw388103-1-white.png\",\"datePublished\":\"2021-04-11T09:48:23+00:00\",\"dateModified\":\"2026-03-30T08:14:22+00:00\",\"breadcrumb\":{\"@id\":\"https:\/\/galli.ch\/uhren\/iwc\/pilots-watches\/chronograph-41-iw388103\/#breadcrumb\"},\"inLanguage\":\"en-US\",\"potentialAction\":[{\"@type\":\"ReadAction\",\"target\":[\"https:\/\/galli.ch\/uhren\/iwc\/pilots-watches\/chronograph-41-iw388103\/\"]}]},{\"@type\":\"ImageObject\",\"inLanguage\":\"en-US\",\"@id\":\"https:\/\/galli.ch\/uhren\/iwc\/pilots-watches\/chronograph-41-iw388103\/#primaryimage\",\"url\":\"https:\/\/galli.ch\/wp-content\/uploads\/iw388103-1-white.png\",\"contentUrl\":\"https:\/\/galli.ch\/wp-content\/uploads\/iw388103-1-white.png\",\"width\":1000,\"height\":1400,\"caption\":\"iwc-pilots-watch-chronograph-41-green\"},{\"@type\":\"BreadcrumbList\",\"@id\":\"https:\/\/galli.ch\/uhren\/iwc\/pilots-watches\/chronograph-41-iw388103\/#breadcrumb\",\"itemListElement\":[{\"@type\":\"ListItem\",\"position\":1,\"name\":\"Home\",\"item\":\"https:\/\/galli.ch\/en\/\"},{\"@type\":\"ListItem\",\"position\":2,\"name\":\"Uhren\",\"item\":\"https:\/\/galli.ch\/en\/uhren\/\"},{\"@type\":\"ListItem\",\"position\":3,\"name\":\"IWC Pilot&#8217;s Watch Chronograph 41\"}]},{\"@type\":\"WebSite\",\"@id\":\"http:\/\/galli.ch\/en\/#website\",\"url\":\"http:\/\/galli.ch\/en\/\",\"name\":\"Galli Uhren Bijouterie\",\"description\":\"\",\"potentialAction\":[{\"@type\":\"SearchAction\",\"target\":{\"@type\":\"EntryPoint\",\"urlTemplate\":\"http:\/\/galli.ch\/en\/?s={search_term_string}\"},\"query-input\":{\"@type\":\"PropertyValueSpecification\",\"valueRequired\":true,\"valueName\":\"search_term_string\"}}],\"inLanguage\":\"en-US\"}]}<\/script>\n<!-- \/ Yoast SEO plugin. -->","yoast_head_json":{"title":"IWC Pilot's Watch Chronograph 41 - Galli Uhren Bijouterie","robots":{"index":"index","follow":"follow","max-snippet":"max-snippet:-1","max-image-preview":"max-image-preview:large","max-video-preview":"max-video-preview:-1"},"canonical":"https:\/\/galli.ch\/uhren\/iwc\/pilots-watches\/chronograph-41-iw388103\/","og_locale":"en_US","og_type":"article","og_title":"IWC Pilot's Watch Chronograph 41 - Galli Uhren Bijouterie","og_description":"Die im 2021 vorgestellte Fliegeruhr verf\u00fcgt \u00fcber ein Edelstahlgeh\u00e4use im kompakten Durchmesser von 41 Millimetern und ist entweder mit einem blauen oder gr\u00fcnen Zifferblatt erh\u00e4ltlich. Um die Kompetenz der Marke bei der Entwicklung eigener Uhrwerke zu unterstreichen, wird es vom IWC Manufakturkaliber 69385 angetrieben, das durch einen Saphirglasboden sichtbar ist. Mit dem neuen EasXCHANGE- System... Weiter &raquo;","og_url":"https:\/\/galli.ch\/uhren\/iwc\/pilots-watches\/chronograph-41-iw388103\/","og_site_name":"Galli Uhren Bijouterie","article_modified_time":"2026-03-30T08:14:22+00:00","og_image":[{"width":1000,"height":1400,"url":"https:\/\/galli.ch\/wp-content\/uploads\/iw388103-1-white.png","type":"image\/png"}],"twitter_card":"summary_large_image","schema":{"@context":"https:\/\/schema.org","@graph":[{"@type":"WebPage","@id":"https:\/\/galli.ch\/uhren\/iwc\/pilots-watches\/chronograph-41-iw388103\/","url":"https:\/\/galli.ch\/uhren\/iwc\/pilots-watches\/chronograph-41-iw388103\/","name":"IWC Pilot's Watch Chronograph 41 - Galli Uhren Bijouterie","isPartOf":{"@id":"http:\/\/galli.ch\/en\/#website"},"primaryImageOfPage":{"@id":"https:\/\/galli.ch\/uhren\/iwc\/pilots-watches\/chronograph-41-iw388103\/#primaryimage"},"image":{"@id":"https:\/\/galli.ch\/uhren\/iwc\/pilots-watches\/chronograph-41-iw388103\/#primaryimage"},"thumbnailUrl":"https:\/\/galli.ch\/wp-content\/uploads\/iw388103-1-white.png","datePublished":"2021-04-11T09:48:23+00:00","dateModified":"2026-03-30T08:14:22+00:00","breadcrumb":{"@id":"https:\/\/galli.ch\/uhren\/iwc\/pilots-watches\/chronograph-41-iw388103\/#breadcrumb"},"inLanguage":"en-US","potentialAction":[{"@type":"ReadAction","target":["https:\/\/galli.ch\/uhren\/iwc\/pilots-watches\/chronograph-41-iw388103\/"]}]},{"@type":"ImageObject","inLanguage":"en-US","@id":"https:\/\/galli.ch\/uhren\/iwc\/pilots-watches\/chronograph-41-iw388103\/#primaryimage","url":"https:\/\/galli.ch\/wp-content\/uploads\/iw388103-1-white.png","contentUrl":"https:\/\/galli.ch\/wp-content\/uploads\/iw388103-1-white.png","width":1000,"height":1400,"caption":"iwc-pilots-watch-chronograph-41-green"},{"@type":"BreadcrumbList","@id":"https:\/\/galli.ch\/uhren\/iwc\/pilots-watches\/chronograph-41-iw388103\/#breadcrumb","itemListElement":[{"@type":"ListItem","position":1,"name":"Home","item":"https:\/\/galli.ch\/en\/"},{"@type":"ListItem","position":2,"name":"Uhren","item":"https:\/\/galli.ch\/en\/uhren\/"},{"@type":"ListItem","position":3,"name":"IWC Pilot&#8217;s Watch Chronograph 41"}]},{"@type":"WebSite","@id":"http:\/\/galli.ch\/en\/#website","url":"http:\/\/galli.ch\/en\/","name":"Galli Uhren Bijouterie","description":"","potentialAction":[{"@type":"SearchAction","target":{"@type":"EntryPoint","urlTemplate":"http:\/\/galli.ch\/en\/?s={search_term_string}"},"query-input":{"@type":"PropertyValueSpecification","valueRequired":true,"valueName":"search_term_string"}}],"inLanguage":"en-US"}]}},"_links":{"self":[{"href":"https:\/\/galli.ch\/en\/wp-json\/wp\/v2\/product\/9578","targetHints":{"allow":["GET"]}}],"collection":[{"href":"https:\/\/galli.ch\/en\/wp-json\/wp\/v2\/product"}],"about":[{"href":"https:\/\/galli.ch\/en\/wp-json\/wp\/v2\/types\/product"}],"wp:featuredmedia":[{"embeddable":true,"href":"https:\/\/galli.ch\/en\/wp-json\/wp\/v2\/media\/9501"}],"wp:attachment":[{"href":"https:\/\/galli.ch\/en\/wp-json\/wp\/v2\/media?parent=9578"}],"wp:term":[{"taxonomy":"product_brand","embeddable":true,"href":"https:\/\/galli.ch\/en\/wp-json\/wp\/v2\/product_brand?post=9578"},{"taxonomy":"product_cat","embeddable":true,"href":"https:\/\/galli.ch\/en\/wp-json\/wp\/v2\/product_cat?post=9578"},{"taxonomy":"product_tag","embeddable":true,"href":"https:\/\/galli.ch\/en\/wp-json\/wp\/v2\/product_tag?post=9578"}],"curies":[{"name":"wp","href":"https:\/\/api.w.org\/{rel}","templated":true}]}}