{"id":9580,"date":"2021-04-11T11:57:12","date_gmt":"2021-04-11T09:57:12","guid":{"rendered":"http:\/\/galli.ch\/?post_type=uhren&#038;p=9580"},"modified":"2025-09-30T16:13:48","modified_gmt":"2025-09-30T14:13:48","slug":"big-pilots-watch-perpetual-calendar-iw503605","status":"publish","type":"product","link":"https:\/\/galli.ch\/en\/uhren\/iwc\/pilots-watches\/big-pilots-watch-perpetual-calendar-iw503605\/","title":{"rendered":"IWC Big Pilot&#8217;s Watch Perpetual Calendar"},"content":{"rendered":"<p>Mit der\u00a0Big Pilot\u2019s Watch Perpetual Calendar kehrt die legend\u00e4re Komplikation in die Standard-Kollektion zur\u00fcck. Der Zeitmesser verf\u00fcgt \u00fcber ein Edelstahlgeh\u00e4use, ein blaues Zifferblatt und rhodinierte Zeiger. Die Anzeigen f\u00fcr das Datum und die Gangreserve befinden sich bei 3 Uhr, der Monat wird bei 6 Uhr angezeigt. Die Anzeige f\u00fcr den Wochentag und die kleine Sekunde teilen sich das Hilfszifferblatt bei 9 Uhr. Die doppelte Mondphasenanzeige bei 12 Uhr stellt die Mondphase f\u00fcr die n\u00f6rdliche und s\u00fcdliche Hemisph\u00e4re korrekt dar und muss erst nach 577,5 Jahren um einen Tag berichtigt werden.<\/p>\n<p>Angetrieben wird das Kalendermodul \u00fcber einen einzigen n\u00e4chtlichen Schaltimpuls vom IWC-Manufakturkaliber 52615. Das Automatikwerk besteht aus 386 Einzelteilen und wurde mit einem Fokus auf h\u00f6chste Pr\u00e4zision und Qualit\u00e4t entwickelt. Der automatische Pellaton-Aufzug speichert in zwei Federh\u00e4usern eine Gangreserve von sieben Tagen. Stark beanspruchte Komponenten des Aufzugmechanismus sind aus nahezu verschleissfreier Zirkonoxid-Keramik gefertigt. Das verzierte Werk ist durch einen Glasboden sichtbar.<\/p>\n","protected":false},"excerpt":{"rendered":"<p>Mit der\u00a0Big Pilot\u2019s Watch Perpetual Calendar kehrt die legend\u00e4re Komplikation in die Standard-Kollektion zur\u00fcck. Der Zeitmesser verf\u00fcgt \u00fcber ein Edelstahlgeh\u00e4use, ein blaues Zifferblatt und rhodinierte Zeiger. Die Anzeigen f\u00fcr das Datum und die Gangreserve befinden sich bei 3 Uhr, der Monat wird bei 6 Uhr angezeigt. Die Anzeige f\u00fcr den Wochentag und die kleine Sekunde&#8230;  <a class=\"excerpt-read-more\" href=\"https:\/\/galli.ch\/en\/uhren\/iwc\/pilots-watches\/big-pilots-watch-perpetual-calendar-iw503605\/\" title=\"Read IWC Big Pilot&#8217;s Watch Perpetual Calendar\">Weiter &raquo;<\/a><\/p>\n","protected":false},"featured_media":9505,"template":"","meta":{"_acf_changed":false,"inline_featured_image":false},"product_brand":[],"product_cat":[188],"product_tag":[],"class_list":{"0":"post-9580","1":"product","2":"type-product","3":"status-publish","4":"has-post-thumbnail","6":"uhrenhersteller-iwc","7":"uhrenhersteller-pilots-watches","8":"product_cat-uhren","10":"first","11":"outofstock","12":"taxable","13":"shipping-taxable","14":"purchasable","15":"product-type-simple"},"acf":[],"yoast_head":"<!-- This site is optimized with the Yoast SEO plugin v25.5 - https:\/\/yoast.com\/wordpress\/plugins\/seo\/ -->\n<title>IWC Big Pilot&#039;s Watch Perpetual Calendar - Galli Uhren Bijouterie<\/title>\n<meta name=\"robots\" content=\"index, follow, max-snippet:-1, max-image-preview:large, max-video-preview:-1\" \/>\n<link rel=\"canonical\" href=\"https:\/\/galli.ch\/uhren\/iwc\/pilots-watches\/big-pilots-watch-perpetual-calendar-iw503605\/\" \/>\n<meta property=\"og:locale\" content=\"en_US\" \/>\n<meta property=\"og:type\" content=\"article\" \/>\n<meta property=\"og:title\" content=\"IWC Big Pilot&#039;s Watch Perpetual Calendar - Galli Uhren Bijouterie\" \/>\n<meta property=\"og:description\" content=\"Mit der\u00a0Big Pilot\u2019s Watch Perpetual Calendar kehrt die legend\u00e4re Komplikation in die Standard-Kollektion zur\u00fcck. Der Zeitmesser verf\u00fcgt \u00fcber ein Edelstahlgeh\u00e4use, ein blaues Zifferblatt und rhodinierte Zeiger. Die Anzeigen f\u00fcr das Datum und die Gangreserve befinden sich bei 3 Uhr, der Monat wird bei 6 Uhr angezeigt. Die Anzeige f\u00fcr den Wochentag und die kleine Sekunde... Weiter &raquo;\" \/>\n<meta property=\"og:url\" content=\"https:\/\/galli.ch\/uhren\/iwc\/pilots-watches\/big-pilots-watch-perpetual-calendar-iw503605\/\" \/>\n<meta property=\"og:site_name\" content=\"Galli Uhren Bijouterie\" \/>\n<meta property=\"article:modified_time\" content=\"2025-09-30T14:13:48+00:00\" \/>\n<meta property=\"og:image\" content=\"https:\/\/galli.ch\/wp-content\/uploads\/iw503605-1-white.png\" \/>\n\t<meta property=\"og:image:width\" content=\"1000\" \/>\n\t<meta property=\"og:image:height\" content=\"1400\" \/>\n\t<meta property=\"og:image:type\" content=\"image\/png\" \/>\n<meta name=\"twitter:card\" content=\"summary_large_image\" \/>\n<script type=\"application\/ld+json\" class=\"yoast-schema-graph\">{\"@context\":\"https:\/\/schema.org\",\"@graph\":[{\"@type\":\"WebPage\",\"@id\":\"https:\/\/galli.ch\/uhren\/iwc\/pilots-watches\/big-pilots-watch-perpetual-calendar-iw503605\/\",\"url\":\"https:\/\/galli.ch\/uhren\/iwc\/pilots-watches\/big-pilots-watch-perpetual-calendar-iw503605\/\",\"name\":\"IWC Big Pilot's Watch Perpetual Calendar - Galli Uhren Bijouterie\",\"isPartOf\":{\"@id\":\"http:\/\/galli.ch\/en\/#website\"},\"primaryImageOfPage\":{\"@id\":\"https:\/\/galli.ch\/uhren\/iwc\/pilots-watches\/big-pilots-watch-perpetual-calendar-iw503605\/#primaryimage\"},\"image\":{\"@id\":\"https:\/\/galli.ch\/uhren\/iwc\/pilots-watches\/big-pilots-watch-perpetual-calendar-iw503605\/#primaryimage\"},\"thumbnailUrl\":\"https:\/\/galli.ch\/wp-content\/uploads\/iw503605-1-white.png\",\"datePublished\":\"2021-04-11T09:57:12+00:00\",\"dateModified\":\"2025-09-30T14:13:48+00:00\",\"breadcrumb\":{\"@id\":\"https:\/\/galli.ch\/uhren\/iwc\/pilots-watches\/big-pilots-watch-perpetual-calendar-iw503605\/#breadcrumb\"},\"inLanguage\":\"en-US\",\"potentialAction\":[{\"@type\":\"ReadAction\",\"target\":[\"https:\/\/galli.ch\/uhren\/iwc\/pilots-watches\/big-pilots-watch-perpetual-calendar-iw503605\/\"]}]},{\"@type\":\"ImageObject\",\"inLanguage\":\"en-US\",\"@id\":\"https:\/\/galli.ch\/uhren\/iwc\/pilots-watches\/big-pilots-watch-perpetual-calendar-iw503605\/#primaryimage\",\"url\":\"https:\/\/galli.ch\/wp-content\/uploads\/iw503605-1-white.png\",\"contentUrl\":\"https:\/\/galli.ch\/wp-content\/uploads\/iw503605-1-white.png\",\"width\":1000,\"height\":1400,\"caption\":\"iwc-big-pilots-watch-perpetual-calendar\"},{\"@type\":\"BreadcrumbList\",\"@id\":\"https:\/\/galli.ch\/uhren\/iwc\/pilots-watches\/big-pilots-watch-perpetual-calendar-iw503605\/#breadcrumb\",\"itemListElement\":[{\"@type\":\"ListItem\",\"position\":1,\"name\":\"Home\",\"item\":\"https:\/\/galli.ch\/en\/\"},{\"@type\":\"ListItem\",\"position\":2,\"name\":\"Uhren\",\"item\":\"https:\/\/galli.ch\/en\/uhren\/\"},{\"@type\":\"ListItem\",\"position\":3,\"name\":\"IWC Big Pilot&#8217;s Watch Perpetual Calendar\"}]},{\"@type\":\"WebSite\",\"@id\":\"http:\/\/galli.ch\/en\/#website\",\"url\":\"http:\/\/galli.ch\/en\/\",\"name\":\"Galli Uhren Bijouterie\",\"description\":\"\",\"potentialAction\":[{\"@type\":\"SearchAction\",\"target\":{\"@type\":\"EntryPoint\",\"urlTemplate\":\"http:\/\/galli.ch\/en\/?s={search_term_string}\"},\"query-input\":{\"@type\":\"PropertyValueSpecification\",\"valueRequired\":true,\"valueName\":\"search_term_string\"}}],\"inLanguage\":\"en-US\"}]}<\/script>\n<!-- \/ Yoast SEO plugin. -->","yoast_head_json":{"title":"IWC Big Pilot's Watch Perpetual Calendar - Galli Uhren Bijouterie","robots":{"index":"index","follow":"follow","max-snippet":"max-snippet:-1","max-image-preview":"max-image-preview:large","max-video-preview":"max-video-preview:-1"},"canonical":"https:\/\/galli.ch\/uhren\/iwc\/pilots-watches\/big-pilots-watch-perpetual-calendar-iw503605\/","og_locale":"en_US","og_type":"article","og_title":"IWC Big Pilot's Watch Perpetual Calendar - Galli Uhren Bijouterie","og_description":"Mit der\u00a0Big Pilot\u2019s Watch Perpetual Calendar kehrt die legend\u00e4re Komplikation in die Standard-Kollektion zur\u00fcck. Der Zeitmesser verf\u00fcgt \u00fcber ein Edelstahlgeh\u00e4use, ein blaues Zifferblatt und rhodinierte Zeiger. Die Anzeigen f\u00fcr das Datum und die Gangreserve befinden sich bei 3 Uhr, der Monat wird bei 6 Uhr angezeigt. Die Anzeige f\u00fcr den Wochentag und die kleine Sekunde... Weiter &raquo;","og_url":"https:\/\/galli.ch\/uhren\/iwc\/pilots-watches\/big-pilots-watch-perpetual-calendar-iw503605\/","og_site_name":"Galli Uhren Bijouterie","article_modified_time":"2025-09-30T14:13:48+00:00","og_image":[{"width":1000,"height":1400,"url":"https:\/\/galli.ch\/wp-content\/uploads\/iw503605-1-white.png","type":"image\/png"}],"twitter_card":"summary_large_image","schema":{"@context":"https:\/\/schema.org","@graph":[{"@type":"WebPage","@id":"https:\/\/galli.ch\/uhren\/iwc\/pilots-watches\/big-pilots-watch-perpetual-calendar-iw503605\/","url":"https:\/\/galli.ch\/uhren\/iwc\/pilots-watches\/big-pilots-watch-perpetual-calendar-iw503605\/","name":"IWC Big Pilot's Watch Perpetual Calendar - Galli Uhren Bijouterie","isPartOf":{"@id":"http:\/\/galli.ch\/en\/#website"},"primaryImageOfPage":{"@id":"https:\/\/galli.ch\/uhren\/iwc\/pilots-watches\/big-pilots-watch-perpetual-calendar-iw503605\/#primaryimage"},"image":{"@id":"https:\/\/galli.ch\/uhren\/iwc\/pilots-watches\/big-pilots-watch-perpetual-calendar-iw503605\/#primaryimage"},"thumbnailUrl":"https:\/\/galli.ch\/wp-content\/uploads\/iw503605-1-white.png","datePublished":"2021-04-11T09:57:12+00:00","dateModified":"2025-09-30T14:13:48+00:00","breadcrumb":{"@id":"https:\/\/galli.ch\/uhren\/iwc\/pilots-watches\/big-pilots-watch-perpetual-calendar-iw503605\/#breadcrumb"},"inLanguage":"en-US","potentialAction":[{"@type":"ReadAction","target":["https:\/\/galli.ch\/uhren\/iwc\/pilots-watches\/big-pilots-watch-perpetual-calendar-iw503605\/"]}]},{"@type":"ImageObject","inLanguage":"en-US","@id":"https:\/\/galli.ch\/uhren\/iwc\/pilots-watches\/big-pilots-watch-perpetual-calendar-iw503605\/#primaryimage","url":"https:\/\/galli.ch\/wp-content\/uploads\/iw503605-1-white.png","contentUrl":"https:\/\/galli.ch\/wp-content\/uploads\/iw503605-1-white.png","width":1000,"height":1400,"caption":"iwc-big-pilots-watch-perpetual-calendar"},{"@type":"BreadcrumbList","@id":"https:\/\/galli.ch\/uhren\/iwc\/pilots-watches\/big-pilots-watch-perpetual-calendar-iw503605\/#breadcrumb","itemListElement":[{"@type":"ListItem","position":1,"name":"Home","item":"https:\/\/galli.ch\/en\/"},{"@type":"ListItem","position":2,"name":"Uhren","item":"https:\/\/galli.ch\/en\/uhren\/"},{"@type":"ListItem","position":3,"name":"IWC Big Pilot&#8217;s Watch Perpetual Calendar"}]},{"@type":"WebSite","@id":"http:\/\/galli.ch\/en\/#website","url":"http:\/\/galli.ch\/en\/","name":"Galli Uhren Bijouterie","description":"","potentialAction":[{"@type":"SearchAction","target":{"@type":"EntryPoint","urlTemplate":"http:\/\/galli.ch\/en\/?s={search_term_string}"},"query-input":{"@type":"PropertyValueSpecification","valueRequired":true,"valueName":"search_term_string"}}],"inLanguage":"en-US"}]}},"_links":{"self":[{"href":"https:\/\/galli.ch\/en\/wp-json\/wp\/v2\/product\/9580","targetHints":{"allow":["GET"]}}],"collection":[{"href":"https:\/\/galli.ch\/en\/wp-json\/wp\/v2\/product"}],"about":[{"href":"https:\/\/galli.ch\/en\/wp-json\/wp\/v2\/types\/product"}],"wp:featuredmedia":[{"embeddable":true,"href":"https:\/\/galli.ch\/en\/wp-json\/wp\/v2\/media\/9505"}],"wp:attachment":[{"href":"https:\/\/galli.ch\/en\/wp-json\/wp\/v2\/media?parent=9580"}],"wp:term":[{"taxonomy":"product_brand","embeddable":true,"href":"https:\/\/galli.ch\/en\/wp-json\/wp\/v2\/product_brand?post=9580"},{"taxonomy":"product_cat","embeddable":true,"href":"https:\/\/galli.ch\/en\/wp-json\/wp\/v2\/product_cat?post=9580"},{"taxonomy":"product_tag","embeddable":true,"href":"https:\/\/galli.ch\/en\/wp-json\/wp\/v2\/product_tag?post=9580"}],"curies":[{"name":"wp","href":"https:\/\/api.w.org\/{rel}","templated":true}]}}