{"id":9582,"date":"2021-04-11T12:15:14","date_gmt":"2021-04-11T10:15:14","guid":{"rendered":"http:\/\/galli.ch\/?post_type=uhren&#038;p=9582"},"modified":"2026-03-30T10:14:40","modified_gmt":"2026-03-30T08:14:40","slug":"big-pilots-watch-iw501015","status":"publish","type":"product","link":"https:\/\/galli.ch\/en\/uhren\/iwc\/pilots-watches\/big-pilots-watch-iw501015\/","title":{"rendered":"IWC Big Pilot&#8217;s Watch"},"content":{"rendered":"<p>Die Big Pilot\u2019s Watch verk\u00f6rpert nicht nur die umfassende Expertise von IWC Schaffhausen in der Herstellung von professionellen Pr\u00e4zisionsinstrumenten f\u00fcr das Cockpit. Dank ihrem funktionalen Design sowie zahlreichen Sondereditionen ist sie auch zu einer kulturellen Ikone geworden, deren Strahlkraft weit \u00fcber die Uhrenindustrie hinausreicht. Diese Variante ist die erste Big Pilot\u2019s Watch mit einem dunkelgr\u00fcnen Zifferblatt.<\/p>\n<p>Der auff\u00e4llige Farbton ist inspiriert vom &#8220;Racing Green&#8221;, mit dem seit 1903 britische Rennwagen bemalt wurden. Die \u00fcbergrosse Kegelkrone geht auf eine historische Beobachtungsuhr aus den 1940er-Jahren zur\u00fcck \u2013 sie konnte von den Piloten auch mit den gepolsterten Handschuhen des Fliegeranzugs bedient werden. Im Inneren des 46-Millimeter-Edelstahlgeh\u00e4uses arbeitet das IWC-Manufakturkaliber 52110. Das hochpr\u00e4zise und robust gebaute Automatikwerk verf\u00fcgt \u00fcber einen Pellaton-Aufzug, der jede noch so kleine Bewegung des Rotors in beide Richtungen nutzt. In zwei Federh\u00e4usern wird eine Gangreserve von sieben Tagen aufgebaut.<\/p>\n","protected":false},"excerpt":{"rendered":"<p>Die Big Pilot\u2019s Watch verk\u00f6rpert nicht nur die umfassende Expertise von IWC Schaffhausen in der Herstellung von professionellen Pr\u00e4zisionsinstrumenten f\u00fcr das Cockpit. Dank ihrem funktionalen Design sowie zahlreichen Sondereditionen ist sie auch zu einer kulturellen Ikone geworden, deren Strahlkraft weit \u00fcber die Uhrenindustrie hinausreicht. Diese Variante ist die erste Big Pilot\u2019s Watch mit einem dunkelgr\u00fcnen&#8230;  <a class=\"excerpt-read-more\" href=\"https:\/\/galli.ch\/en\/uhren\/iwc\/pilots-watches\/big-pilots-watch-iw501015\/\" title=\"Read IWC Big Pilot&#8217;s Watch\">Weiter &raquo;<\/a><\/p>\n","protected":false},"featured_media":9511,"template":"","meta":{"_acf_changed":false,"inline_featured_image":false},"product_brand":[],"product_cat":[188],"product_tag":[],"class_list":{"0":"post-9582","1":"product","2":"type-product","3":"status-publish","4":"has-post-thumbnail","6":"uhrenhersteller-iwc","7":"uhrenhersteller-pilots-watches","8":"product_cat-uhren","10":"first","11":"outofstock","12":"taxable","13":"shipping-taxable","14":"purchasable","15":"product-type-simple"},"acf":[],"yoast_head":"<!-- This site is optimized with the Yoast SEO plugin v25.5 - https:\/\/yoast.com\/wordpress\/plugins\/seo\/ -->\n<title>IWC Big Pilot&#039;s Watch - Galli Uhren Bijouterie<\/title>\n<meta name=\"robots\" content=\"index, follow, max-snippet:-1, max-image-preview:large, max-video-preview:-1\" \/>\n<link rel=\"canonical\" href=\"https:\/\/galli.ch\/uhren\/iwc\/pilots-watches\/big-pilots-watch-iw501015\/\" \/>\n<meta property=\"og:locale\" content=\"en_US\" \/>\n<meta property=\"og:type\" content=\"article\" \/>\n<meta property=\"og:title\" content=\"IWC Big Pilot&#039;s Watch - Galli Uhren Bijouterie\" \/>\n<meta property=\"og:description\" content=\"Die Big Pilot\u2019s Watch verk\u00f6rpert nicht nur die umfassende Expertise von IWC Schaffhausen in der Herstellung von professionellen Pr\u00e4zisionsinstrumenten f\u00fcr das Cockpit. Dank ihrem funktionalen Design sowie zahlreichen Sondereditionen ist sie auch zu einer kulturellen Ikone geworden, deren Strahlkraft weit \u00fcber die Uhrenindustrie hinausreicht. Diese Variante ist die erste Big Pilot\u2019s Watch mit einem dunkelgr\u00fcnen... Weiter &raquo;\" \/>\n<meta property=\"og:url\" content=\"https:\/\/galli.ch\/uhren\/iwc\/pilots-watches\/big-pilots-watch-iw501015\/\" \/>\n<meta property=\"og:site_name\" content=\"Galli Uhren Bijouterie\" \/>\n<meta property=\"article:modified_time\" content=\"2026-03-30T08:14:40+00:00\" \/>\n<meta property=\"og:image\" content=\"https:\/\/galli.ch\/wp-content\/uploads\/2151037-buying-options_watch_1000.png\" \/>\n\t<meta property=\"og:image:width\" content=\"1000\" \/>\n\t<meta property=\"og:image:height\" content=\"1400\" \/>\n\t<meta property=\"og:image:type\" content=\"image\/png\" \/>\n<meta name=\"twitter:card\" content=\"summary_large_image\" \/>\n<script type=\"application\/ld+json\" class=\"yoast-schema-graph\">{\"@context\":\"https:\/\/schema.org\",\"@graph\":[{\"@type\":\"WebPage\",\"@id\":\"https:\/\/galli.ch\/uhren\/iwc\/pilots-watches\/big-pilots-watch-iw501015\/\",\"url\":\"https:\/\/galli.ch\/uhren\/iwc\/pilots-watches\/big-pilots-watch-iw501015\/\",\"name\":\"IWC Big Pilot's Watch - Galli Uhren Bijouterie\",\"isPartOf\":{\"@id\":\"http:\/\/galli.ch\/en\/#website\"},\"primaryImageOfPage\":{\"@id\":\"https:\/\/galli.ch\/uhren\/iwc\/pilots-watches\/big-pilots-watch-iw501015\/#primaryimage\"},\"image\":{\"@id\":\"https:\/\/galli.ch\/uhren\/iwc\/pilots-watches\/big-pilots-watch-iw501015\/#primaryimage\"},\"thumbnailUrl\":\"https:\/\/galli.ch\/wp-content\/uploads\/2151037-buying-options_watch_1000.png\",\"datePublished\":\"2021-04-11T10:15:14+00:00\",\"dateModified\":\"2026-03-30T08:14:40+00:00\",\"breadcrumb\":{\"@id\":\"https:\/\/galli.ch\/uhren\/iwc\/pilots-watches\/big-pilots-watch-iw501015\/#breadcrumb\"},\"inLanguage\":\"en-US\",\"potentialAction\":[{\"@type\":\"ReadAction\",\"target\":[\"https:\/\/galli.ch\/uhren\/iwc\/pilots-watches\/big-pilots-watch-iw501015\/\"]}]},{\"@type\":\"ImageObject\",\"inLanguage\":\"en-US\",\"@id\":\"https:\/\/galli.ch\/uhren\/iwc\/pilots-watches\/big-pilots-watch-iw501015\/#primaryimage\",\"url\":\"https:\/\/galli.ch\/wp-content\/uploads\/2151037-buying-options_watch_1000.png\",\"contentUrl\":\"https:\/\/galli.ch\/wp-content\/uploads\/2151037-buying-options_watch_1000.png\",\"width\":1000,\"height\":1400,\"caption\":\"iwc-big-pilots-watch-green\"},{\"@type\":\"BreadcrumbList\",\"@id\":\"https:\/\/galli.ch\/uhren\/iwc\/pilots-watches\/big-pilots-watch-iw501015\/#breadcrumb\",\"itemListElement\":[{\"@type\":\"ListItem\",\"position\":1,\"name\":\"Home\",\"item\":\"https:\/\/galli.ch\/en\/\"},{\"@type\":\"ListItem\",\"position\":2,\"name\":\"Uhren\",\"item\":\"https:\/\/galli.ch\/en\/uhren\/\"},{\"@type\":\"ListItem\",\"position\":3,\"name\":\"IWC Big Pilot&#8217;s Watch\"}]},{\"@type\":\"WebSite\",\"@id\":\"http:\/\/galli.ch\/en\/#website\",\"url\":\"http:\/\/galli.ch\/en\/\",\"name\":\"Galli Uhren Bijouterie\",\"description\":\"\",\"potentialAction\":[{\"@type\":\"SearchAction\",\"target\":{\"@type\":\"EntryPoint\",\"urlTemplate\":\"http:\/\/galli.ch\/en\/?s={search_term_string}\"},\"query-input\":{\"@type\":\"PropertyValueSpecification\",\"valueRequired\":true,\"valueName\":\"search_term_string\"}}],\"inLanguage\":\"en-US\"}]}<\/script>\n<!-- \/ Yoast SEO plugin. -->","yoast_head_json":{"title":"IWC Big Pilot's Watch - Galli Uhren Bijouterie","robots":{"index":"index","follow":"follow","max-snippet":"max-snippet:-1","max-image-preview":"max-image-preview:large","max-video-preview":"max-video-preview:-1"},"canonical":"https:\/\/galli.ch\/uhren\/iwc\/pilots-watches\/big-pilots-watch-iw501015\/","og_locale":"en_US","og_type":"article","og_title":"IWC Big Pilot's Watch - Galli Uhren Bijouterie","og_description":"Die Big Pilot\u2019s Watch verk\u00f6rpert nicht nur die umfassende Expertise von IWC Schaffhausen in der Herstellung von professionellen Pr\u00e4zisionsinstrumenten f\u00fcr das Cockpit. Dank ihrem funktionalen Design sowie zahlreichen Sondereditionen ist sie auch zu einer kulturellen Ikone geworden, deren Strahlkraft weit \u00fcber die Uhrenindustrie hinausreicht. Diese Variante ist die erste Big Pilot\u2019s Watch mit einem dunkelgr\u00fcnen... Weiter &raquo;","og_url":"https:\/\/galli.ch\/uhren\/iwc\/pilots-watches\/big-pilots-watch-iw501015\/","og_site_name":"Galli Uhren Bijouterie","article_modified_time":"2026-03-30T08:14:40+00:00","og_image":[{"width":1000,"height":1400,"url":"https:\/\/galli.ch\/wp-content\/uploads\/2151037-buying-options_watch_1000.png","type":"image\/png"}],"twitter_card":"summary_large_image","schema":{"@context":"https:\/\/schema.org","@graph":[{"@type":"WebPage","@id":"https:\/\/galli.ch\/uhren\/iwc\/pilots-watches\/big-pilots-watch-iw501015\/","url":"https:\/\/galli.ch\/uhren\/iwc\/pilots-watches\/big-pilots-watch-iw501015\/","name":"IWC Big Pilot's Watch - Galli Uhren Bijouterie","isPartOf":{"@id":"http:\/\/galli.ch\/en\/#website"},"primaryImageOfPage":{"@id":"https:\/\/galli.ch\/uhren\/iwc\/pilots-watches\/big-pilots-watch-iw501015\/#primaryimage"},"image":{"@id":"https:\/\/galli.ch\/uhren\/iwc\/pilots-watches\/big-pilots-watch-iw501015\/#primaryimage"},"thumbnailUrl":"https:\/\/galli.ch\/wp-content\/uploads\/2151037-buying-options_watch_1000.png","datePublished":"2021-04-11T10:15:14+00:00","dateModified":"2026-03-30T08:14:40+00:00","breadcrumb":{"@id":"https:\/\/galli.ch\/uhren\/iwc\/pilots-watches\/big-pilots-watch-iw501015\/#breadcrumb"},"inLanguage":"en-US","potentialAction":[{"@type":"ReadAction","target":["https:\/\/galli.ch\/uhren\/iwc\/pilots-watches\/big-pilots-watch-iw501015\/"]}]},{"@type":"ImageObject","inLanguage":"en-US","@id":"https:\/\/galli.ch\/uhren\/iwc\/pilots-watches\/big-pilots-watch-iw501015\/#primaryimage","url":"https:\/\/galli.ch\/wp-content\/uploads\/2151037-buying-options_watch_1000.png","contentUrl":"https:\/\/galli.ch\/wp-content\/uploads\/2151037-buying-options_watch_1000.png","width":1000,"height":1400,"caption":"iwc-big-pilots-watch-green"},{"@type":"BreadcrumbList","@id":"https:\/\/galli.ch\/uhren\/iwc\/pilots-watches\/big-pilots-watch-iw501015\/#breadcrumb","itemListElement":[{"@type":"ListItem","position":1,"name":"Home","item":"https:\/\/galli.ch\/en\/"},{"@type":"ListItem","position":2,"name":"Uhren","item":"https:\/\/galli.ch\/en\/uhren\/"},{"@type":"ListItem","position":3,"name":"IWC Big Pilot&#8217;s Watch"}]},{"@type":"WebSite","@id":"http:\/\/galli.ch\/en\/#website","url":"http:\/\/galli.ch\/en\/","name":"Galli Uhren Bijouterie","description":"","potentialAction":[{"@type":"SearchAction","target":{"@type":"EntryPoint","urlTemplate":"http:\/\/galli.ch\/en\/?s={search_term_string}"},"query-input":{"@type":"PropertyValueSpecification","valueRequired":true,"valueName":"search_term_string"}}],"inLanguage":"en-US"}]}},"_links":{"self":[{"href":"https:\/\/galli.ch\/en\/wp-json\/wp\/v2\/product\/9582","targetHints":{"allow":["GET"]}}],"collection":[{"href":"https:\/\/galli.ch\/en\/wp-json\/wp\/v2\/product"}],"about":[{"href":"https:\/\/galli.ch\/en\/wp-json\/wp\/v2\/types\/product"}],"wp:featuredmedia":[{"embeddable":true,"href":"https:\/\/galli.ch\/en\/wp-json\/wp\/v2\/media\/9511"}],"wp:attachment":[{"href":"https:\/\/galli.ch\/en\/wp-json\/wp\/v2\/media?parent=9582"}],"wp:term":[{"taxonomy":"product_brand","embeddable":true,"href":"https:\/\/galli.ch\/en\/wp-json\/wp\/v2\/product_brand?post=9582"},{"taxonomy":"product_cat","embeddable":true,"href":"https:\/\/galli.ch\/en\/wp-json\/wp\/v2\/product_cat?post=9582"},{"taxonomy":"product_tag","embeddable":true,"href":"https:\/\/galli.ch\/en\/wp-json\/wp\/v2\/product_tag?post=9582"}],"curies":[{"name":"wp","href":"https:\/\/api.w.org\/{rel}","templated":true}]}}