{"id":9998,"date":"2021-05-07T10:38:00","date_gmt":"2021-05-07T08:38:00","guid":{"rendered":"http:\/\/galli.ch\/?post_type=uhren&#038;p=9998"},"modified":"2026-04-20T18:10:07","modified_gmt":"2026-04-20T16:10:07","slug":"super-chronomat-b01-44-ab0136161c1s1","status":"publish","type":"product","link":"https:\/\/galli.ch\/en\/uhren\/breitling\/chronomat\/super-chronomat-b01-44-ab0136161c1s1\/","title":{"rendered":"Breitling Super Chronomat B01 44"},"content":{"rendered":"<p>Inspiriert von der Frecce-Tricolori-Uhr, die Breitling 1983 f\u00fcr die Kunstflugstaffel der italienischen Luftwaffe kreierte, ist die Super Chronomat eine sportliche Allzweckuhr mit Extra-Power, die auch elegant genug f\u00fcr den Abend ist.<\/p>\n<p>Mit einem 44-Millimeter-Geh\u00e4use ist die Super Chronomat Kollektion die Markanteste ihrer Art. Wichtige neue Features sind die L\u00fcnette aus Edelstahl mit Keramikeinsatz \u2013 ein Novum bei einer Chronomat \u2013 sowie die Wahl zwischen einem Rouleaux inspirierten Kautschukarmband oder dem unverwechselbaren Metallarmband mit Faltschliesse. Das neue Kautschukarmband wird in modernster Spritzgusstechnik hergestellt. Seine drei unterschiedlichen Texturen \u2013 matt, glatt und in gewobener Optik \u2013 verleihen ihm eine besondere Tiefe.<\/p>\n<p>Angetrieben wird sie vom Breitling-Manufakturkaliber 01, welches eine Gangreserve von etwa 70 Stunden bietet. Die Super Chronomat ist bis 200 Meter wasserdicht.<\/p>\n","protected":false},"excerpt":{"rendered":"<p>Inspiriert von der Frecce-Tricolori-Uhr, die Breitling 1983 f\u00fcr die Kunstflugstaffel der italienischen Luftwaffe kreierte, ist die Super Chronomat eine sportliche Allzweckuhr mit Extra-Power, die auch elegant genug f\u00fcr den Abend ist. Mit einem 44-Millimeter-Geh\u00e4use ist die Super Chronomat Kollektion die Markanteste ihrer Art. Wichtige neue Features sind die L\u00fcnette aus Edelstahl mit Keramikeinsatz \u2013 ein&#8230;  <a class=\"excerpt-read-more\" href=\"https:\/\/galli.ch\/en\/uhren\/breitling\/chronomat\/super-chronomat-b01-44-ab0136161c1s1\/\" title=\"Read Breitling Super Chronomat B01 44\">Weiter &raquo;<\/a><\/p>\n","protected":false},"featured_media":9984,"template":"","meta":{"_acf_changed":false,"inline_featured_image":false},"product_brand":[],"product_cat":[188],"product_tag":[],"class_list":{"0":"post-9998","1":"product","2":"type-product","3":"status-publish","4":"has-post-thumbnail","6":"uhrenhersteller-breitling","7":"uhrenhersteller-chronomat","8":"product_cat-uhren","10":"first","11":"instock","12":"taxable","13":"shipping-taxable","14":"purchasable","15":"product-type-simple"},"acf":[],"yoast_head":"<!-- This site is optimized with the Yoast SEO plugin v25.5 - https:\/\/yoast.com\/wordpress\/plugins\/seo\/ -->\n<title>Breitling Super Chronomat B01 44 - Galli Uhren Bijouterie<\/title>\n<meta name=\"robots\" content=\"index, follow, max-snippet:-1, max-image-preview:large, max-video-preview:-1\" \/>\n<link rel=\"canonical\" href=\"https:\/\/galli.ch\/uhren\/breitling\/chronomat\/super-chronomat-b01-44-ab0136161c1s1\/\" \/>\n<meta property=\"og:locale\" content=\"en_US\" \/>\n<meta property=\"og:type\" content=\"article\" \/>\n<meta property=\"og:title\" content=\"Breitling Super Chronomat B01 44 - Galli Uhren Bijouterie\" \/>\n<meta property=\"og:description\" content=\"Inspiriert von der Frecce-Tricolori-Uhr, die Breitling 1983 f\u00fcr die Kunstflugstaffel der italienischen Luftwaffe kreierte, ist die Super Chronomat eine sportliche Allzweckuhr mit Extra-Power, die auch elegant genug f\u00fcr den Abend ist. Mit einem 44-Millimeter-Geh\u00e4use ist die Super Chronomat Kollektion die Markanteste ihrer Art. Wichtige neue Features sind die L\u00fcnette aus Edelstahl mit Keramikeinsatz \u2013 ein... Weiter &raquo;\" \/>\n<meta property=\"og:url\" content=\"https:\/\/galli.ch\/uhren\/breitling\/chronomat\/super-chronomat-b01-44-ab0136161c1s1\/\" \/>\n<meta property=\"og:site_name\" content=\"Galli Uhren Bijouterie\" \/>\n<meta property=\"article:modified_time\" content=\"2026-04-20T16:10:07+00:00\" \/>\n<meta property=\"og:image\" content=\"https:\/\/galli.ch\/wp-content\/uploads\/20_breitling-super-chronomat-b01-44_ref.png\" \/>\n\t<meta property=\"og:image:width\" content=\"1000\" \/>\n\t<meta property=\"og:image:height\" content=\"1400\" \/>\n\t<meta property=\"og:image:type\" content=\"image\/png\" \/>\n<meta name=\"twitter:card\" content=\"summary_large_image\" \/>\n<script type=\"application\/ld+json\" class=\"yoast-schema-graph\">{\"@context\":\"https:\/\/schema.org\",\"@graph\":[{\"@type\":\"WebPage\",\"@id\":\"https:\/\/galli.ch\/uhren\/breitling\/chronomat\/super-chronomat-b01-44-ab0136161c1s1\/\",\"url\":\"https:\/\/galli.ch\/uhren\/breitling\/chronomat\/super-chronomat-b01-44-ab0136161c1s1\/\",\"name\":\"Breitling Super Chronomat B01 44 - Galli Uhren Bijouterie\",\"isPartOf\":{\"@id\":\"http:\/\/galli.ch\/en\/#website\"},\"primaryImageOfPage\":{\"@id\":\"https:\/\/galli.ch\/uhren\/breitling\/chronomat\/super-chronomat-b01-44-ab0136161c1s1\/#primaryimage\"},\"image\":{\"@id\":\"https:\/\/galli.ch\/uhren\/breitling\/chronomat\/super-chronomat-b01-44-ab0136161c1s1\/#primaryimage\"},\"thumbnailUrl\":\"https:\/\/galli.ch\/wp-content\/uploads\/20_breitling-super-chronomat-b01-44_ref.png\",\"datePublished\":\"2021-05-07T08:38:00+00:00\",\"dateModified\":\"2026-04-20T16:10:07+00:00\",\"breadcrumb\":{\"@id\":\"https:\/\/galli.ch\/uhren\/breitling\/chronomat\/super-chronomat-b01-44-ab0136161c1s1\/#breadcrumb\"},\"inLanguage\":\"en-US\",\"potentialAction\":[{\"@type\":\"ReadAction\",\"target\":[\"https:\/\/galli.ch\/uhren\/breitling\/chronomat\/super-chronomat-b01-44-ab0136161c1s1\/\"]}]},{\"@type\":\"ImageObject\",\"inLanguage\":\"en-US\",\"@id\":\"https:\/\/galli.ch\/uhren\/breitling\/chronomat\/super-chronomat-b01-44-ab0136161c1s1\/#primaryimage\",\"url\":\"https:\/\/galli.ch\/wp-content\/uploads\/20_breitling-super-chronomat-b01-44_ref.png\",\"contentUrl\":\"https:\/\/galli.ch\/wp-content\/uploads\/20_breitling-super-chronomat-b01-44_ref.png\",\"width\":1000,\"height\":1400,\"caption\":\"breitling-super-chronomat-44-blue-rubber\"},{\"@type\":\"BreadcrumbList\",\"@id\":\"https:\/\/galli.ch\/uhren\/breitling\/chronomat\/super-chronomat-b01-44-ab0136161c1s1\/#breadcrumb\",\"itemListElement\":[{\"@type\":\"ListItem\",\"position\":1,\"name\":\"Home\",\"item\":\"https:\/\/galli.ch\/en\/\"},{\"@type\":\"ListItem\",\"position\":2,\"name\":\"Uhren\",\"item\":\"https:\/\/galli.ch\/en\/uhren\/\"},{\"@type\":\"ListItem\",\"position\":3,\"name\":\"Breitling Super Chronomat B01 44\"}]},{\"@type\":\"WebSite\",\"@id\":\"http:\/\/galli.ch\/en\/#website\",\"url\":\"http:\/\/galli.ch\/en\/\",\"name\":\"Galli Uhren Bijouterie\",\"description\":\"\",\"potentialAction\":[{\"@type\":\"SearchAction\",\"target\":{\"@type\":\"EntryPoint\",\"urlTemplate\":\"http:\/\/galli.ch\/en\/?s={search_term_string}\"},\"query-input\":{\"@type\":\"PropertyValueSpecification\",\"valueRequired\":true,\"valueName\":\"search_term_string\"}}],\"inLanguage\":\"en-US\"}]}<\/script>\n<!-- \/ Yoast SEO plugin. -->","yoast_head_json":{"title":"Breitling Super Chronomat B01 44 - Galli Uhren Bijouterie","robots":{"index":"index","follow":"follow","max-snippet":"max-snippet:-1","max-image-preview":"max-image-preview:large","max-video-preview":"max-video-preview:-1"},"canonical":"https:\/\/galli.ch\/uhren\/breitling\/chronomat\/super-chronomat-b01-44-ab0136161c1s1\/","og_locale":"en_US","og_type":"article","og_title":"Breitling Super Chronomat B01 44 - Galli Uhren Bijouterie","og_description":"Inspiriert von der Frecce-Tricolori-Uhr, die Breitling 1983 f\u00fcr die Kunstflugstaffel der italienischen Luftwaffe kreierte, ist die Super Chronomat eine sportliche Allzweckuhr mit Extra-Power, die auch elegant genug f\u00fcr den Abend ist. Mit einem 44-Millimeter-Geh\u00e4use ist die Super Chronomat Kollektion die Markanteste ihrer Art. Wichtige neue Features sind die L\u00fcnette aus Edelstahl mit Keramikeinsatz \u2013 ein... Weiter &raquo;","og_url":"https:\/\/galli.ch\/uhren\/breitling\/chronomat\/super-chronomat-b01-44-ab0136161c1s1\/","og_site_name":"Galli Uhren Bijouterie","article_modified_time":"2026-04-20T16:10:07+00:00","og_image":[{"width":1000,"height":1400,"url":"https:\/\/galli.ch\/wp-content\/uploads\/20_breitling-super-chronomat-b01-44_ref.png","type":"image\/png"}],"twitter_card":"summary_large_image","schema":{"@context":"https:\/\/schema.org","@graph":[{"@type":"WebPage","@id":"https:\/\/galli.ch\/uhren\/breitling\/chronomat\/super-chronomat-b01-44-ab0136161c1s1\/","url":"https:\/\/galli.ch\/uhren\/breitling\/chronomat\/super-chronomat-b01-44-ab0136161c1s1\/","name":"Breitling Super Chronomat B01 44 - Galli Uhren Bijouterie","isPartOf":{"@id":"http:\/\/galli.ch\/en\/#website"},"primaryImageOfPage":{"@id":"https:\/\/galli.ch\/uhren\/breitling\/chronomat\/super-chronomat-b01-44-ab0136161c1s1\/#primaryimage"},"image":{"@id":"https:\/\/galli.ch\/uhren\/breitling\/chronomat\/super-chronomat-b01-44-ab0136161c1s1\/#primaryimage"},"thumbnailUrl":"https:\/\/galli.ch\/wp-content\/uploads\/20_breitling-super-chronomat-b01-44_ref.png","datePublished":"2021-05-07T08:38:00+00:00","dateModified":"2026-04-20T16:10:07+00:00","breadcrumb":{"@id":"https:\/\/galli.ch\/uhren\/breitling\/chronomat\/super-chronomat-b01-44-ab0136161c1s1\/#breadcrumb"},"inLanguage":"en-US","potentialAction":[{"@type":"ReadAction","target":["https:\/\/galli.ch\/uhren\/breitling\/chronomat\/super-chronomat-b01-44-ab0136161c1s1\/"]}]},{"@type":"ImageObject","inLanguage":"en-US","@id":"https:\/\/galli.ch\/uhren\/breitling\/chronomat\/super-chronomat-b01-44-ab0136161c1s1\/#primaryimage","url":"https:\/\/galli.ch\/wp-content\/uploads\/20_breitling-super-chronomat-b01-44_ref.png","contentUrl":"https:\/\/galli.ch\/wp-content\/uploads\/20_breitling-super-chronomat-b01-44_ref.png","width":1000,"height":1400,"caption":"breitling-super-chronomat-44-blue-rubber"},{"@type":"BreadcrumbList","@id":"https:\/\/galli.ch\/uhren\/breitling\/chronomat\/super-chronomat-b01-44-ab0136161c1s1\/#breadcrumb","itemListElement":[{"@type":"ListItem","position":1,"name":"Home","item":"https:\/\/galli.ch\/en\/"},{"@type":"ListItem","position":2,"name":"Uhren","item":"https:\/\/galli.ch\/en\/uhren\/"},{"@type":"ListItem","position":3,"name":"Breitling Super Chronomat B01 44"}]},{"@type":"WebSite","@id":"http:\/\/galli.ch\/en\/#website","url":"http:\/\/galli.ch\/en\/","name":"Galli Uhren Bijouterie","description":"","potentialAction":[{"@type":"SearchAction","target":{"@type":"EntryPoint","urlTemplate":"http:\/\/galli.ch\/en\/?s={search_term_string}"},"query-input":{"@type":"PropertyValueSpecification","valueRequired":true,"valueName":"search_term_string"}}],"inLanguage":"en-US"}]}},"_links":{"self":[{"href":"https:\/\/galli.ch\/en\/wp-json\/wp\/v2\/product\/9998","targetHints":{"allow":["GET"]}}],"collection":[{"href":"https:\/\/galli.ch\/en\/wp-json\/wp\/v2\/product"}],"about":[{"href":"https:\/\/galli.ch\/en\/wp-json\/wp\/v2\/types\/product"}],"wp:featuredmedia":[{"embeddable":true,"href":"https:\/\/galli.ch\/en\/wp-json\/wp\/v2\/media\/9984"}],"wp:attachment":[{"href":"https:\/\/galli.ch\/en\/wp-json\/wp\/v2\/media?parent=9998"}],"wp:term":[{"taxonomy":"product_brand","embeddable":true,"href":"https:\/\/galli.ch\/en\/wp-json\/wp\/v2\/product_brand?post=9998"},{"taxonomy":"product_cat","embeddable":true,"href":"https:\/\/galli.ch\/en\/wp-json\/wp\/v2\/product_cat?post=9998"},{"taxonomy":"product_tag","embeddable":true,"href":"https:\/\/galli.ch\/en\/wp-json\/wp\/v2\/product_tag?post=9998"}],"curies":[{"name":"wp","href":"https:\/\/api.w.org\/{rel}","templated":true}]}}